{"id":10225,"date":"2022-11-23T21:19:03","date_gmt":"2022-11-23T21:19:03","guid":{"rendered":"https:\/\/autopecasanhanguera.com.br\/?post_type=product&#038;p=10225"},"modified":"2022-11-23T21:19:03","modified_gmt":"2022-11-23T21:19:03","slug":"bucha-tirante-f1000-f4000-rang","status":"publish","type":"product","link":"https:\/\/autopecasanhanguera.com.br\/index.php\/product\/bucha-tirante-f1000-f4000-rang\/","title":{"rendered":"BUCHA TIRANTE F1000 F4000 RANG"},"content":{"rendered":"<p>DESCRI\u00c7\u00c3O= BUCHA TIRANTE F1000 F4000 RANG C\u00d3DIGO DO FABRICANTE= JJ-023*43* MARCA = JJ<\/p>\n","protected":false},"excerpt":{"rendered":"<p>DESCRI\u00c7\u00c3O= BUCHA TIRANTE F1000 F4000 RANG C\u00d3DIGO DO FABRICANTE= JJ-023*43* MARCA = JJ<\/p>\n","protected":false},"featured_media":0,"template":"","meta":{"om_disable_all_campaigns":false,"_monsterinsights_skip_tracking":false,"_monsterinsights_sitenote_active":false,"_monsterinsights_sitenote_note":"","_monsterinsights_sitenote_category":0},"product_cat":[92],"product_tag":[],"aioseo_notices":[],"_links":{"self":[{"href":"https:\/\/autopecasanhanguera.com.br\/index.php\/wp-json\/wp\/v2\/product\/10225"}],"collection":[{"href":"https:\/\/autopecasanhanguera.com.br\/index.php\/wp-json\/wp\/v2\/product"}],"about":[{"href":"https:\/\/autopecasanhanguera.com.br\/index.php\/wp-json\/wp\/v2\/types\/product"}],"wp:attachment":[{"href":"https:\/\/autopecasanhanguera.com.br\/index.php\/wp-json\/wp\/v2\/media?parent=10225"}],"wp:term":[{"taxonomy":"product_cat","embeddable":true,"href":"https:\/\/autopecasanhanguera.com.br\/index.php\/wp-json\/wp\/v2\/product_cat?post=10225"},{"taxonomy":"product_tag","embeddable":true,"href":"https:\/\/autopecasanhanguera.com.br\/index.php\/wp-json\/wp\/v2\/product_tag?post=10225"}],"curies":[{"name":"wp","href":"https:\/\/api.w.org\/{rel}","templated":true}]}}