{"id":10321,"date":"2022-11-23T21:19:11","date_gmt":"2022-11-23T21:19:11","guid":{"rendered":"https:\/\/autopecasanhanguera.com.br\/?post_type=product&#038;p=10321"},"modified":"2022-11-23T21:19:11","modified_gmt":"2022-11-23T21:19:11","slug":"assoalho-estrepe-gol-bola-p-ma","status":"publish","type":"product","link":"https:\/\/autopecasanhanguera.com.br\/index.php\/product\/assoalho-estrepe-gol-bola-p-ma\/","title":{"rendered":"ASSOALHO ESTREPE GOL BOLA P MA"},"content":{"rendered":"<p>DESCRI\u00c7\u00c3O= ASSOALHO ESTREPE GOL BOLA P MA C\u00d3DIGO DO FABRICANTE= *43* MARCA = CIDADAO<\/p>\n","protected":false},"excerpt":{"rendered":"<p>DESCRI\u00c7\u00c3O= ASSOALHO ESTREPE GOL BOLA P MA C\u00d3DIGO DO FABRICANTE= *43* MARCA = CIDADAO<\/p>\n","protected":false},"featured_media":0,"template":"","meta":{"om_disable_all_campaigns":false,"_monsterinsights_skip_tracking":false,"_monsterinsights_sitenote_active":false,"_monsterinsights_sitenote_note":"","_monsterinsights_sitenote_category":0},"product_cat":[479],"product_tag":[],"aioseo_notices":[],"_links":{"self":[{"href":"https:\/\/autopecasanhanguera.com.br\/index.php\/wp-json\/wp\/v2\/product\/10321"}],"collection":[{"href":"https:\/\/autopecasanhanguera.com.br\/index.php\/wp-json\/wp\/v2\/product"}],"about":[{"href":"https:\/\/autopecasanhanguera.com.br\/index.php\/wp-json\/wp\/v2\/types\/product"}],"wp:attachment":[{"href":"https:\/\/autopecasanhanguera.com.br\/index.php\/wp-json\/wp\/v2\/media?parent=10321"}],"wp:term":[{"taxonomy":"product_cat","embeddable":true,"href":"https:\/\/autopecasanhanguera.com.br\/index.php\/wp-json\/wp\/v2\/product_cat?post=10321"},{"taxonomy":"product_tag","embeddable":true,"href":"https:\/\/autopecasanhanguera.com.br\/index.php\/wp-json\/wp\/v2\/product_tag?post=10321"}],"curies":[{"name":"wp","href":"https:\/\/api.w.org\/{rel}","templated":true}]}}