{"id":1036,"date":"2022-11-23T21:06:29","date_gmt":"2022-11-23T21:06:29","guid":{"rendered":"https:\/\/autopecasanhanguera.com.br\/?post_type=product&#038;p=1036"},"modified":"2022-11-23T21:06:29","modified_gmt":"2022-11-23T21:06:29","slug":"esguincho-carb-weber-mon-fiat","status":"publish","type":"product","link":"https:\/\/autopecasanhanguera.com.br\/index.php\/product\/esguincho-carb-weber-mon-fiat\/","title":{"rendered":"ESGUINCHO CARB WEBER MON FIAT"},"content":{"rendered":"<p>DESCRI\u00c7\u00c3O= ESGUINCHO CARB WEBER MON FIAT C\u00d3DIGO DO FABRICANTE= 200220380008 4450280 MARCA = PECA+<\/p>\n","protected":false},"excerpt":{"rendered":"<p>DESCRI\u00c7\u00c3O= ESGUINCHO CARB WEBER MON FIAT C\u00d3DIGO DO FABRICANTE= 200220380008 4450280 MARCA = PECA+<\/p>\n","protected":false},"featured_media":0,"template":"","meta":{"om_disable_all_campaigns":false,"_monsterinsights_skip_tracking":false,"_monsterinsights_sitenote_active":false,"_monsterinsights_sitenote_note":"","_monsterinsights_sitenote_category":0},"product_cat":[300],"product_tag":[],"aioseo_notices":[],"_links":{"self":[{"href":"https:\/\/autopecasanhanguera.com.br\/index.php\/wp-json\/wp\/v2\/product\/1036"}],"collection":[{"href":"https:\/\/autopecasanhanguera.com.br\/index.php\/wp-json\/wp\/v2\/product"}],"about":[{"href":"https:\/\/autopecasanhanguera.com.br\/index.php\/wp-json\/wp\/v2\/types\/product"}],"wp:attachment":[{"href":"https:\/\/autopecasanhanguera.com.br\/index.php\/wp-json\/wp\/v2\/media?parent=1036"}],"wp:term":[{"taxonomy":"product_cat","embeddable":true,"href":"https:\/\/autopecasanhanguera.com.br\/index.php\/wp-json\/wp\/v2\/product_cat?post=1036"},{"taxonomy":"product_tag","embeddable":true,"href":"https:\/\/autopecasanhanguera.com.br\/index.php\/wp-json\/wp\/v2\/product_tag?post=1036"}],"curies":[{"name":"wp","href":"https:\/\/api.w.org\/{rel}","templated":true}]}}