{"id":10516,"date":"2022-11-23T21:19:23","date_gmt":"2022-11-23T21:19:23","guid":{"rendered":"https:\/\/autopecasanhanguera.com.br\/?post_type=product&#038;p=10516"},"modified":"2022-11-23T21:19:23","modified_gmt":"2022-11-23T21:19:23","slug":"sensor-corpo-borboleta-corsa-s","status":"publish","type":"product","link":"https:\/\/autopecasanhanguera.com.br\/index.php\/product\/sensor-corpo-borboleta-corsa-s\/","title":{"rendered":"SENSOR CORPO BORBOLETA CORSA S"},"content":{"rendered":"<p>DESCRI\u00c7\u00c3O= SENSOR CORPO BORBOLETA CORSA S C\u00d3DIGO DO FABRICANTE= 2610019*43* GS7322 MARCA = GAUSS<\/p>\n","protected":false},"excerpt":{"rendered":"<p>DESCRI\u00c7\u00c3O= SENSOR CORPO BORBOLETA CORSA S C\u00d3DIGO DO FABRICANTE= 2610019*43* GS7322 MARCA = GAUSS<\/p>\n","protected":false},"featured_media":0,"template":"","meta":{"om_disable_all_campaigns":false,"_monsterinsights_skip_tracking":false,"_monsterinsights_sitenote_active":false,"_monsterinsights_sitenote_note":"","_monsterinsights_sitenote_category":0},"product_cat":[325],"product_tag":[],"aioseo_notices":[],"_links":{"self":[{"href":"https:\/\/autopecasanhanguera.com.br\/index.php\/wp-json\/wp\/v2\/product\/10516"}],"collection":[{"href":"https:\/\/autopecasanhanguera.com.br\/index.php\/wp-json\/wp\/v2\/product"}],"about":[{"href":"https:\/\/autopecasanhanguera.com.br\/index.php\/wp-json\/wp\/v2\/types\/product"}],"wp:attachment":[{"href":"https:\/\/autopecasanhanguera.com.br\/index.php\/wp-json\/wp\/v2\/media?parent=10516"}],"wp:term":[{"taxonomy":"product_cat","embeddable":true,"href":"https:\/\/autopecasanhanguera.com.br\/index.php\/wp-json\/wp\/v2\/product_cat?post=10516"},{"taxonomy":"product_tag","embeddable":true,"href":"https:\/\/autopecasanhanguera.com.br\/index.php\/wp-json\/wp\/v2\/product_tag?post=10516"}],"curies":[{"name":"wp","href":"https:\/\/api.w.org\/{rel}","templated":true}]}}