{"id":10535,"date":"2022-11-23T21:19:26","date_gmt":"2022-11-23T21:19:26","guid":{"rendered":"https:\/\/autopecasanhanguera.com.br\/?post_type=product&#038;p=10535"},"modified":"2022-11-23T21:19:26","modified_gmt":"2022-11-23T21:19:26","slug":"amortecedor-diant-s-10-4x4-ori","status":"publish","type":"product","link":"https:\/\/autopecasanhanguera.com.br\/index.php\/product\/amortecedor-diant-s-10-4x4-ori\/","title":{"rendered":"AMORTECEDOR DIANT S-10 4X4 ORI"},"content":{"rendered":"<p>DESCRI\u00c7\u00c3O= AMORTECEDOR DIANT S-10 4X4 ORI C\u00d3DIGO DO FABRICANTE= 94712420*43*2u 30272 MARCA = GM COFAP<\/p>\n","protected":false},"excerpt":{"rendered":"<p>DESCRI\u00c7\u00c3O= AMORTECEDOR DIANT S-10 4X4 ORI C\u00d3DIGO DO FABRICANTE= 94712420*43*2u 30272 MARCA = GM COFAP<\/p>\n","protected":false},"featured_media":0,"template":"","meta":{"om_disable_all_campaigns":false,"_monsterinsights_skip_tracking":false,"_monsterinsights_sitenote_active":false,"_monsterinsights_sitenote_note":"","_monsterinsights_sitenote_category":0},"product_cat":[92],"product_tag":[],"aioseo_notices":[],"_links":{"self":[{"href":"https:\/\/autopecasanhanguera.com.br\/index.php\/wp-json\/wp\/v2\/product\/10535"}],"collection":[{"href":"https:\/\/autopecasanhanguera.com.br\/index.php\/wp-json\/wp\/v2\/product"}],"about":[{"href":"https:\/\/autopecasanhanguera.com.br\/index.php\/wp-json\/wp\/v2\/types\/product"}],"wp:attachment":[{"href":"https:\/\/autopecasanhanguera.com.br\/index.php\/wp-json\/wp\/v2\/media?parent=10535"}],"wp:term":[{"taxonomy":"product_cat","embeddable":true,"href":"https:\/\/autopecasanhanguera.com.br\/index.php\/wp-json\/wp\/v2\/product_cat?post=10535"},{"taxonomy":"product_tag","embeddable":true,"href":"https:\/\/autopecasanhanguera.com.br\/index.php\/wp-json\/wp\/v2\/product_tag?post=10535"}],"curies":[{"name":"wp","href":"https:\/\/api.w.org\/{rel}","templated":true}]}}