{"id":10604,"date":"2022-11-23T21:19:31","date_gmt":"2022-11-23T21:19:31","guid":{"rendered":"https:\/\/autopecasanhanguera.com.br\/?post_type=product&#038;p=10604"},"modified":"2022-11-23T21:19:31","modified_gmt":"2022-11-23T21:19:31","slug":"anel-bico-corsa-novo-astra-mon","status":"publish","type":"product","link":"https:\/\/autopecasanhanguera.com.br\/index.php\/product\/anel-bico-corsa-novo-astra-mon\/","title":{"rendered":"ANEL BICO CORSA NOVO ASTRA MON"},"content":{"rendered":"<p>DESCRI\u00c7\u00c3O= ANEL BICO CORSA NOVO ASTRA MON C\u00d3DIGO DO FABRICANTE= *43* MARCA = INOVA<\/p>\n","protected":false},"excerpt":{"rendered":"<p>DESCRI\u00c7\u00c3O= ANEL BICO CORSA NOVO ASTRA MON C\u00d3DIGO DO FABRICANTE= *43* MARCA = INOVA<\/p>\n","protected":false},"featured_media":0,"template":"","meta":{"om_disable_all_campaigns":false,"_monsterinsights_skip_tracking":false,"_monsterinsights_sitenote_active":false,"_monsterinsights_sitenote_note":"","_monsterinsights_sitenote_category":0},"product_cat":[325],"product_tag":[],"aioseo_notices":[],"_links":{"self":[{"href":"https:\/\/autopecasanhanguera.com.br\/index.php\/wp-json\/wp\/v2\/product\/10604"}],"collection":[{"href":"https:\/\/autopecasanhanguera.com.br\/index.php\/wp-json\/wp\/v2\/product"}],"about":[{"href":"https:\/\/autopecasanhanguera.com.br\/index.php\/wp-json\/wp\/v2\/types\/product"}],"wp:attachment":[{"href":"https:\/\/autopecasanhanguera.com.br\/index.php\/wp-json\/wp\/v2\/media?parent=10604"}],"wp:term":[{"taxonomy":"product_cat","embeddable":true,"href":"https:\/\/autopecasanhanguera.com.br\/index.php\/wp-json\/wp\/v2\/product_cat?post=10604"},{"taxonomy":"product_tag","embeddable":true,"href":"https:\/\/autopecasanhanguera.com.br\/index.php\/wp-json\/wp\/v2\/product_tag?post=10604"}],"curies":[{"name":"wp","href":"https:\/\/api.w.org\/{rel}","templated":true}]}}