{"id":10678,"date":"2022-11-23T21:19:40","date_gmt":"2022-11-23T21:19:40","guid":{"rendered":"https:\/\/autopecasanhanguera.com.br\/?post_type=product&#038;p=10678"},"modified":"2022-11-23T21:19:40","modified_gmt":"2022-11-23T21:19:40","slug":"anel-oring-n260-n27-n28-n30","status":"publish","type":"product","link":"https:\/\/autopecasanhanguera.com.br\/index.php\/product\/anel-oring-n260-n27-n28-n30\/","title":{"rendered":"ANEL ORING N260 N27 N28 N30"},"content":{"rendered":"<p>DESCRI\u00c7\u00c3O= ANEL ORING N260 N27 N28 N30 C\u00d3DIGO DO FABRICANTE= *43*0246061 A 020240 MARCA = ESTORIL<\/p>\n","protected":false},"excerpt":{"rendered":"<p>DESCRI\u00c7\u00c3O= ANEL ORING N260 N27 N28 N30 C\u00d3DIGO DO FABRICANTE= *43*0246061 A 020240 MARCA = ESTORIL<\/p>\n","protected":false},"featured_media":0,"template":"","meta":{"om_disable_all_campaigns":false,"_monsterinsights_skip_tracking":false,"_monsterinsights_sitenote_active":false,"_monsterinsights_sitenote_note":"","_monsterinsights_sitenote_category":0},"product_cat":[105],"product_tag":[],"aioseo_notices":[],"_links":{"self":[{"href":"https:\/\/autopecasanhanguera.com.br\/index.php\/wp-json\/wp\/v2\/product\/10678"}],"collection":[{"href":"https:\/\/autopecasanhanguera.com.br\/index.php\/wp-json\/wp\/v2\/product"}],"about":[{"href":"https:\/\/autopecasanhanguera.com.br\/index.php\/wp-json\/wp\/v2\/types\/product"}],"wp:attachment":[{"href":"https:\/\/autopecasanhanguera.com.br\/index.php\/wp-json\/wp\/v2\/media?parent=10678"}],"wp:term":[{"taxonomy":"product_cat","embeddable":true,"href":"https:\/\/autopecasanhanguera.com.br\/index.php\/wp-json\/wp\/v2\/product_cat?post=10678"},{"taxonomy":"product_tag","embeddable":true,"href":"https:\/\/autopecasanhanguera.com.br\/index.php\/wp-json\/wp\/v2\/product_tag?post=10678"}],"curies":[{"name":"wp","href":"https:\/\/api.w.org\/{rel}","templated":true}]}}