{"id":10712,"date":"2022-11-23T21:19:43","date_gmt":"2022-11-23T21:19:43","guid":{"rendered":"https:\/\/autopecasanhanguera.com.br\/?post_type=product&#038;p=10712"},"modified":"2022-11-23T21:19:43","modified_gmt":"2022-11-23T21:19:43","slug":"junta-flange-mt-gol-mi-1-0-16v","status":"publish","type":"product","link":"https:\/\/autopecasanhanguera.com.br\/index.php\/product\/junta-flange-mt-gol-mi-1-0-16v\/","title":{"rendered":"JUNTA FLANGE MT GOL MI 1.0 16V"},"content":{"rendered":"<p>DESCRI\u00c7\u00c3O= JUNTA FLANGE MT GOL MI 1.0 16V C\u00d3DIGO DO FABRICANTE= 30380-JT MARCA = BRASMECK<\/p>\n","protected":false},"excerpt":{"rendered":"<p>DESCRI\u00c7\u00c3O= JUNTA FLANGE MT GOL MI 1.0 16V C\u00d3DIGO DO FABRICANTE= 30380-JT MARCA = BRASMECK<\/p>\n","protected":false},"featured_media":0,"template":"","meta":{"om_disable_all_campaigns":false,"_monsterinsights_skip_tracking":false,"_monsterinsights_sitenote_active":false,"_monsterinsights_sitenote_note":"","_monsterinsights_sitenote_category":0},"product_cat":[154],"product_tag":[],"aioseo_notices":[],"_links":{"self":[{"href":"https:\/\/autopecasanhanguera.com.br\/index.php\/wp-json\/wp\/v2\/product\/10712"}],"collection":[{"href":"https:\/\/autopecasanhanguera.com.br\/index.php\/wp-json\/wp\/v2\/product"}],"about":[{"href":"https:\/\/autopecasanhanguera.com.br\/index.php\/wp-json\/wp\/v2\/types\/product"}],"wp:attachment":[{"href":"https:\/\/autopecasanhanguera.com.br\/index.php\/wp-json\/wp\/v2\/media?parent=10712"}],"wp:term":[{"taxonomy":"product_cat","embeddable":true,"href":"https:\/\/autopecasanhanguera.com.br\/index.php\/wp-json\/wp\/v2\/product_cat?post=10712"},{"taxonomy":"product_tag","embeddable":true,"href":"https:\/\/autopecasanhanguera.com.br\/index.php\/wp-json\/wp\/v2\/product_tag?post=10712"}],"curies":[{"name":"wp","href":"https:\/\/api.w.org\/{rel}","templated":true}]}}