{"id":10743,"date":"2022-11-23T21:19:45","date_gmt":"2022-11-23T21:19:45","guid":{"rendered":"https:\/\/autopecasanhanguera.com.br\/?post_type=product&#038;p=10743"},"modified":"2022-11-23T21:19:45","modified_gmt":"2022-11-23T21:19:45","slug":"rolamento-tensor-alter-gol-at","status":"publish","type":"product","link":"https:\/\/autopecasanhanguera.com.br\/index.php\/product\/rolamento-tensor-alter-gol-at\/","title":{"rendered":"ROLAMENTO TENSOR ALTER GOL AT"},"content":{"rendered":"<p>DESCRI\u00c7\u00c3O= ROLAMENTO TENSOR ALTER GOL AT C\u00d3DIGO DO FABRICANTE= R4114 07087 ZE13290 MARCA = ROLTENS<\/p>\n","protected":false},"excerpt":{"rendered":"<p>DESCRI\u00c7\u00c3O= ROLAMENTO TENSOR ALTER GOL AT C\u00d3DIGO DO FABRICANTE= R4114 07087 ZE13290 MARCA = ROLTENS<\/p>\n","protected":false},"featured_media":0,"template":"","meta":{"om_disable_all_campaigns":false,"_monsterinsights_skip_tracking":false,"_monsterinsights_sitenote_active":false,"_monsterinsights_sitenote_note":"","_monsterinsights_sitenote_category":0},"product_cat":[130],"product_tag":[],"aioseo_notices":[],"_links":{"self":[{"href":"https:\/\/autopecasanhanguera.com.br\/index.php\/wp-json\/wp\/v2\/product\/10743"}],"collection":[{"href":"https:\/\/autopecasanhanguera.com.br\/index.php\/wp-json\/wp\/v2\/product"}],"about":[{"href":"https:\/\/autopecasanhanguera.com.br\/index.php\/wp-json\/wp\/v2\/types\/product"}],"wp:attachment":[{"href":"https:\/\/autopecasanhanguera.com.br\/index.php\/wp-json\/wp\/v2\/media?parent=10743"}],"wp:term":[{"taxonomy":"product_cat","embeddable":true,"href":"https:\/\/autopecasanhanguera.com.br\/index.php\/wp-json\/wp\/v2\/product_cat?post=10743"},{"taxonomy":"product_tag","embeddable":true,"href":"https:\/\/autopecasanhanguera.com.br\/index.php\/wp-json\/wp\/v2\/product_tag?post=10743"}],"curies":[{"name":"wp","href":"https:\/\/api.w.org\/{rel}","templated":true}]}}