{"id":10803,"date":"2022-11-23T21:19:51","date_gmt":"2022-11-23T21:19:51","guid":{"rendered":"https:\/\/autopecasanhanguera.com.br\/?post_type=product&#038;p=10803"},"modified":"2022-11-23T21:19:51","modified_gmt":"2022-11-23T21:19:51","slug":"junta-cabecote-uno-fire-1-0-8v","status":"publish","type":"product","link":"https:\/\/autopecasanhanguera.com.br\/index.php\/product\/junta-cabecote-uno-fire-1-0-8v\/","title":{"rendered":"JUNTA CABECOTE UNO FIRE 1.0 8V"},"content":{"rendered":"<p>DESCRI\u00c7\u00c3O= JUNTA CABECOTE UNO FIRE 1.0 8V C\u00d3DIGO DO FABRICANTE= 30354 82321 40101SCB MARCA = ILLINOIS<\/p>\n","protected":false},"excerpt":{"rendered":"<p>DESCRI\u00c7\u00c3O= JUNTA CABECOTE UNO FIRE 1.0 8V C\u00d3DIGO DO FABRICANTE= 30354 82321 40101SCB MARCA = ILLINOIS<\/p>\n","protected":false},"featured_media":0,"template":"","meta":{"om_disable_all_campaigns":false,"_monsterinsights_skip_tracking":false,"_monsterinsights_sitenote_active":false,"_monsterinsights_sitenote_note":"","_monsterinsights_sitenote_category":0},"product_cat":[241],"product_tag":[],"aioseo_notices":[],"_links":{"self":[{"href":"https:\/\/autopecasanhanguera.com.br\/index.php\/wp-json\/wp\/v2\/product\/10803"}],"collection":[{"href":"https:\/\/autopecasanhanguera.com.br\/index.php\/wp-json\/wp\/v2\/product"}],"about":[{"href":"https:\/\/autopecasanhanguera.com.br\/index.php\/wp-json\/wp\/v2\/types\/product"}],"wp:attachment":[{"href":"https:\/\/autopecasanhanguera.com.br\/index.php\/wp-json\/wp\/v2\/media?parent=10803"}],"wp:term":[{"taxonomy":"product_cat","embeddable":true,"href":"https:\/\/autopecasanhanguera.com.br\/index.php\/wp-json\/wp\/v2\/product_cat?post=10803"},{"taxonomy":"product_tag","embeddable":true,"href":"https:\/\/autopecasanhanguera.com.br\/index.php\/wp-json\/wp\/v2\/product_tag?post=10803"}],"curies":[{"name":"wp","href":"https:\/\/api.w.org\/{rel}","templated":true}]}}