{"id":10939,"date":"2022-11-23T21:20:03","date_gmt":"2022-11-23T21:20:03","guid":{"rendered":"https:\/\/autopecasanhanguera.com.br\/?post_type=product&#038;p=10939"},"modified":"2022-11-23T21:20:03","modified_gmt":"2022-11-23T21:20:03","slug":"vidro-porta-hillux-4pts-ldir-2","status":"publish","type":"product","link":"https:\/\/autopecasanhanguera.com.br\/index.php\/product\/vidro-porta-hillux-4pts-ldir-2\/","title":{"rendered":"VIDRO PORTA HILLUX 4PTS LDIR 2"},"content":{"rendered":"<p>DESCRI\u00c7\u00c3O= VIDRO PORTA HILLUX 4PTS LDIR 2 C\u00d3DIGO DO FABRICANTE= H97M040011 MARCA = PILKINGTON<\/p>\n","protected":false},"excerpt":{"rendered":"<p>DESCRI\u00c7\u00c3O= VIDRO PORTA HILLUX 4PTS LDIR 2 C\u00d3DIGO DO FABRICANTE= H97M040011 MARCA = PILKINGTON<\/p>\n","protected":false},"featured_media":0,"template":"","meta":{"om_disable_all_campaigns":false,"_monsterinsights_skip_tracking":false,"_monsterinsights_sitenote_active":false,"_monsterinsights_sitenote_note":"","_monsterinsights_sitenote_category":0},"product_cat":[400],"product_tag":[],"aioseo_notices":[],"_links":{"self":[{"href":"https:\/\/autopecasanhanguera.com.br\/index.php\/wp-json\/wp\/v2\/product\/10939"}],"collection":[{"href":"https:\/\/autopecasanhanguera.com.br\/index.php\/wp-json\/wp\/v2\/product"}],"about":[{"href":"https:\/\/autopecasanhanguera.com.br\/index.php\/wp-json\/wp\/v2\/types\/product"}],"wp:attachment":[{"href":"https:\/\/autopecasanhanguera.com.br\/index.php\/wp-json\/wp\/v2\/media?parent=10939"}],"wp:term":[{"taxonomy":"product_cat","embeddable":true,"href":"https:\/\/autopecasanhanguera.com.br\/index.php\/wp-json\/wp\/v2\/product_cat?post=10939"},{"taxonomy":"product_tag","embeddable":true,"href":"https:\/\/autopecasanhanguera.com.br\/index.php\/wp-json\/wp\/v2\/product_tag?post=10939"}],"curies":[{"name":"wp","href":"https:\/\/api.w.org\/{rel}","templated":true}]}}