{"id":10942,"date":"2022-11-23T21:20:04","date_gmt":"2022-11-23T21:20:04","guid":{"rendered":"https:\/\/autopecasanhanguera.com.br\/?post_type=product&#038;p=10942"},"modified":"2022-11-23T21:20:04","modified_gmt":"2022-11-23T21:20:04","slug":"vidro-lateral-palio-le","status":"publish","type":"product","link":"https:\/\/autopecasanhanguera.com.br\/index.php\/product\/vidro-lateral-palio-le\/","title":{"rendered":"VIDRO LATERAL PALIO LE"},"content":{"rendered":"<p>DESCRI\u00c7\u00c3O= VIDRO LATERAL PALIO LE C\u00d3DIGO DO FABRICANTE= FTA9520VD MARCA = PILKINGTON<\/p>\n","protected":false},"excerpt":{"rendered":"<p>DESCRI\u00c7\u00c3O= VIDRO LATERAL PALIO LE C\u00d3DIGO DO FABRICANTE= FTA9520VD MARCA = PILKINGTON<\/p>\n","protected":false},"featured_media":0,"template":"","meta":{"om_disable_all_campaigns":false,"_monsterinsights_skip_tracking":false,"_monsterinsights_sitenote_active":false,"_monsterinsights_sitenote_note":"","_monsterinsights_sitenote_category":0},"product_cat":[400],"product_tag":[],"aioseo_notices":[],"_links":{"self":[{"href":"https:\/\/autopecasanhanguera.com.br\/index.php\/wp-json\/wp\/v2\/product\/10942"}],"collection":[{"href":"https:\/\/autopecasanhanguera.com.br\/index.php\/wp-json\/wp\/v2\/product"}],"about":[{"href":"https:\/\/autopecasanhanguera.com.br\/index.php\/wp-json\/wp\/v2\/types\/product"}],"wp:attachment":[{"href":"https:\/\/autopecasanhanguera.com.br\/index.php\/wp-json\/wp\/v2\/media?parent=10942"}],"wp:term":[{"taxonomy":"product_cat","embeddable":true,"href":"https:\/\/autopecasanhanguera.com.br\/index.php\/wp-json\/wp\/v2\/product_cat?post=10942"},{"taxonomy":"product_tag","embeddable":true,"href":"https:\/\/autopecasanhanguera.com.br\/index.php\/wp-json\/wp\/v2\/product_tag?post=10942"}],"curies":[{"name":"wp","href":"https:\/\/api.w.org\/{rel}","templated":true}]}}