{"id":10953,"date":"2022-11-23T21:20:05","date_gmt":"2022-11-23T21:20:05","guid":{"rendered":"https:\/\/autopecasanhanguera.com.br\/?post_type=product&#038;p=10953"},"modified":"2022-11-23T21:20:05","modified_gmt":"2022-11-23T21:20:05","slug":"valvula-adm-fiat-uno-fire","status":"publish","type":"product","link":"https:\/\/autopecasanhanguera.com.br\/index.php\/product\/valvula-adm-fiat-uno-fire\/","title":{"rendered":"VALVULA ADM FIAT UNO FIRE"},"content":{"rendered":"<p>DESCRI\u00c7\u00c3O= VALVULA ADM FIAT UNO FIRE C\u00d3DIGO DO FABRICANTE= VC5085 7656 3800 VA0 MARCA = EATON<\/p>\n","protected":false},"excerpt":{"rendered":"<p>DESCRI\u00c7\u00c3O= VALVULA ADM FIAT UNO FIRE C\u00d3DIGO DO FABRICANTE= VC5085 7656 3800 VA0 MARCA = EATON<\/p>\n","protected":false},"featured_media":0,"template":"","meta":{"om_disable_all_campaigns":false,"_monsterinsights_skip_tracking":false,"_monsterinsights_sitenote_active":false,"_monsterinsights_sitenote_note":"","_monsterinsights_sitenote_category":0},"product_cat":[96],"product_tag":[],"aioseo_notices":[],"_links":{"self":[{"href":"https:\/\/autopecasanhanguera.com.br\/index.php\/wp-json\/wp\/v2\/product\/10953"}],"collection":[{"href":"https:\/\/autopecasanhanguera.com.br\/index.php\/wp-json\/wp\/v2\/product"}],"about":[{"href":"https:\/\/autopecasanhanguera.com.br\/index.php\/wp-json\/wp\/v2\/types\/product"}],"wp:attachment":[{"href":"https:\/\/autopecasanhanguera.com.br\/index.php\/wp-json\/wp\/v2\/media?parent=10953"}],"wp:term":[{"taxonomy":"product_cat","embeddable":true,"href":"https:\/\/autopecasanhanguera.com.br\/index.php\/wp-json\/wp\/v2\/product_cat?post=10953"},{"taxonomy":"product_tag","embeddable":true,"href":"https:\/\/autopecasanhanguera.com.br\/index.php\/wp-json\/wp\/v2\/product_tag?post=10953"}],"curies":[{"name":"wp","href":"https:\/\/api.w.org\/{rel}","templated":true}]}}