{"id":10992,"date":"2022-11-23T21:20:08","date_gmt":"2022-11-23T21:20:08","guid":{"rendered":"https:\/\/autopecasanhanguera.com.br\/?post_type=product&#038;p=10992"},"modified":"2022-11-23T21:20:08","modified_gmt":"2022-11-23T21:20:08","slug":"coletor-escap","status":"publish","type":"product","link":"https:\/\/autopecasanhanguera.com.br\/index.php\/product\/coletor-escap\/","title":{"rendered":"COLETOR ESCAP"},"content":{"rendered":"<p>DESCRI\u00c7\u00c3O= COLETOR ESCAP C\u00d3DIGO DO FABRICANTE= E080006-50702 COMPLE MARCA = ATLANTA<\/p>\n","protected":false},"excerpt":{"rendered":"<p>DESCRI\u00c7\u00c3O= COLETOR ESCAP C\u00d3DIGO DO FABRICANTE= E080006-50702 COMPLE MARCA = ATLANTA<\/p>\n","protected":false},"featured_media":0,"template":"","meta":{"om_disable_all_campaigns":false,"_monsterinsights_skip_tracking":false,"_monsterinsights_sitenote_active":false,"_monsterinsights_sitenote_note":"","_monsterinsights_sitenote_category":0},"product_cat":[142],"product_tag":[],"aioseo_notices":[],"_links":{"self":[{"href":"https:\/\/autopecasanhanguera.com.br\/index.php\/wp-json\/wp\/v2\/product\/10992"}],"collection":[{"href":"https:\/\/autopecasanhanguera.com.br\/index.php\/wp-json\/wp\/v2\/product"}],"about":[{"href":"https:\/\/autopecasanhanguera.com.br\/index.php\/wp-json\/wp\/v2\/types\/product"}],"wp:attachment":[{"href":"https:\/\/autopecasanhanguera.com.br\/index.php\/wp-json\/wp\/v2\/media?parent=10992"}],"wp:term":[{"taxonomy":"product_cat","embeddable":true,"href":"https:\/\/autopecasanhanguera.com.br\/index.php\/wp-json\/wp\/v2\/product_cat?post=10992"},{"taxonomy":"product_tag","embeddable":true,"href":"https:\/\/autopecasanhanguera.com.br\/index.php\/wp-json\/wp\/v2\/product_tag?post=10992"}],"curies":[{"name":"wp","href":"https:\/\/api.w.org\/{rel}","templated":true}]}}