{"id":11092,"date":"2022-11-23T21:20:14","date_gmt":"2022-11-23T21:20:14","guid":{"rendered":"https:\/\/autopecasanhanguera.com.br\/?post_type=product&#038;p=11092"},"modified":"2022-11-23T21:20:14","modified_gmt":"2022-11-23T21:20:14","slug":"carburador-gol-tldz-alcool","status":"publish","type":"product","link":"https:\/\/autopecasanhanguera.com.br\/index.php\/product\/carburador-gol-tldz-alcool\/","title":{"rendered":"CARBURADOR GOL TLDZ ALCOOL"},"content":{"rendered":"<p>DESCRI\u00c7\u00c3O= CARBURADOR GOL TLDZ ALCOOL C\u00d3DIGO DO FABRICANTE= MEC0318G CN495001 MARCA = CHG<\/p>\n","protected":false},"excerpt":{"rendered":"<p>DESCRI\u00c7\u00c3O= CARBURADOR GOL TLDZ ALCOOL C\u00d3DIGO DO FABRICANTE= MEC0318G CN495001 MARCA = CHG<\/p>\n","protected":false},"featured_media":0,"template":"","meta":{"om_disable_all_campaigns":false,"_monsterinsights_skip_tracking":false,"_monsterinsights_sitenote_active":false,"_monsterinsights_sitenote_note":"","_monsterinsights_sitenote_category":0},"product_cat":[96],"product_tag":[],"aioseo_notices":[],"_links":{"self":[{"href":"https:\/\/autopecasanhanguera.com.br\/index.php\/wp-json\/wp\/v2\/product\/11092"}],"collection":[{"href":"https:\/\/autopecasanhanguera.com.br\/index.php\/wp-json\/wp\/v2\/product"}],"about":[{"href":"https:\/\/autopecasanhanguera.com.br\/index.php\/wp-json\/wp\/v2\/types\/product"}],"wp:attachment":[{"href":"https:\/\/autopecasanhanguera.com.br\/index.php\/wp-json\/wp\/v2\/media?parent=11092"}],"wp:term":[{"taxonomy":"product_cat","embeddable":true,"href":"https:\/\/autopecasanhanguera.com.br\/index.php\/wp-json\/wp\/v2\/product_cat?post=11092"},{"taxonomy":"product_tag","embeddable":true,"href":"https:\/\/autopecasanhanguera.com.br\/index.php\/wp-json\/wp\/v2\/product_tag?post=11092"}],"curies":[{"name":"wp","href":"https:\/\/api.w.org\/{rel}","templated":true}]}}