{"id":1125,"date":"2022-11-23T21:07:10","date_gmt":"2022-11-23T21:07:10","guid":{"rendered":"https:\/\/autopecasanhanguera.com.br\/?post_type=product&#038;p=1125"},"modified":"2022-11-23T21:07:10","modified_gmt":"2022-11-23T21:07:10","slug":"arruela-encosto-rolamento-roda","status":"publish","type":"product","link":"https:\/\/autopecasanhanguera.com.br\/index.php\/product\/arruela-encosto-rolamento-roda\/","title":{"rendered":"ARRUELA ENCOSTO ROLAMENTO RODA"},"content":{"rendered":"<p>DESCRI\u00c7\u00c3O= ARRUELA ENCOSTO ROLAMENTO RODA C\u00d3DIGO DO FABRICANTE= 111501286*43* MARCA = VW<\/p>\n","protected":false},"excerpt":{"rendered":"<p>DESCRI\u00c7\u00c3O= ARRUELA ENCOSTO ROLAMENTO RODA C\u00d3DIGO DO FABRICANTE= 111501286*43* MARCA = VW<\/p>\n","protected":false},"featured_media":0,"template":"","meta":{"om_disable_all_campaigns":false,"_monsterinsights_skip_tracking":false,"_monsterinsights_sitenote_active":false,"_monsterinsights_sitenote_note":"","_monsterinsights_sitenote_category":0},"product_cat":[105],"product_tag":[],"aioseo_notices":[],"_links":{"self":[{"href":"https:\/\/autopecasanhanguera.com.br\/index.php\/wp-json\/wp\/v2\/product\/1125"}],"collection":[{"href":"https:\/\/autopecasanhanguera.com.br\/index.php\/wp-json\/wp\/v2\/product"}],"about":[{"href":"https:\/\/autopecasanhanguera.com.br\/index.php\/wp-json\/wp\/v2\/types\/product"}],"wp:attachment":[{"href":"https:\/\/autopecasanhanguera.com.br\/index.php\/wp-json\/wp\/v2\/media?parent=1125"}],"wp:term":[{"taxonomy":"product_cat","embeddable":true,"href":"https:\/\/autopecasanhanguera.com.br\/index.php\/wp-json\/wp\/v2\/product_cat?post=1125"},{"taxonomy":"product_tag","embeddable":true,"href":"https:\/\/autopecasanhanguera.com.br\/index.php\/wp-json\/wp\/v2\/product_tag?post=1125"}],"curies":[{"name":"wp","href":"https:\/\/api.w.org\/{rel}","templated":true}]}}