{"id":11252,"date":"2022-11-23T21:20:26","date_gmt":"2022-11-23T21:20:26","guid":{"rendered":"https:\/\/autopecasanhanguera.com.br\/?post_type=product&#038;p=11252"},"modified":"2022-11-23T21:20:26","modified_gmt":"2022-11-23T21:20:26","slug":"valvula-termostatica-corsa-1-0","status":"publish","type":"product","link":"https:\/\/autopecasanhanguera.com.br\/index.php\/product\/valvula-termostatica-corsa-1-0\/","title":{"rendered":"VALVULA TERMOSTATICA CORSA 1.0"},"content":{"rendered":"<p>DESCRI\u00c7\u00c3O= VALVULA TERMOSTATICA CORSA 1.0 C\u00d3DIGO DO FABRICANTE= 3082.92 MARCA = REIS WAHLER<\/p>\n","protected":false},"excerpt":{"rendered":"<p>DESCRI\u00c7\u00c3O= VALVULA TERMOSTATICA CORSA 1.0 C\u00d3DIGO DO FABRICANTE= 3082.92 MARCA = REIS WAHLER<\/p>\n","protected":false},"featured_media":0,"template":"","meta":{"om_disable_all_campaigns":false,"_monsterinsights_skip_tracking":false,"_monsterinsights_sitenote_active":false,"_monsterinsights_sitenote_note":"","_monsterinsights_sitenote_category":0},"product_cat":[96],"product_tag":[],"aioseo_notices":[],"_links":{"self":[{"href":"https:\/\/autopecasanhanguera.com.br\/index.php\/wp-json\/wp\/v2\/product\/11252"}],"collection":[{"href":"https:\/\/autopecasanhanguera.com.br\/index.php\/wp-json\/wp\/v2\/product"}],"about":[{"href":"https:\/\/autopecasanhanguera.com.br\/index.php\/wp-json\/wp\/v2\/types\/product"}],"wp:attachment":[{"href":"https:\/\/autopecasanhanguera.com.br\/index.php\/wp-json\/wp\/v2\/media?parent=11252"}],"wp:term":[{"taxonomy":"product_cat","embeddable":true,"href":"https:\/\/autopecasanhanguera.com.br\/index.php\/wp-json\/wp\/v2\/product_cat?post=11252"},{"taxonomy":"product_tag","embeddable":true,"href":"https:\/\/autopecasanhanguera.com.br\/index.php\/wp-json\/wp\/v2\/product_tag?post=11252"}],"curies":[{"name":"wp","href":"https:\/\/api.w.org\/{rel}","templated":true}]}}