{"id":11269,"date":"2022-11-23T21:20:26","date_gmt":"2022-11-23T21:20:26","guid":{"rendered":"https:\/\/autopecasanhanguera.com.br\/?post_type=product&#038;p=11269"},"modified":"2022-11-23T21:20:27","modified_gmt":"2022-11-23T21:20:27","slug":"amortecedor-diant-besta-kia-96","status":"publish","type":"product","link":"https:\/\/autopecasanhanguera.com.br\/index.php\/product\/amortecedor-diant-besta-kia-96\/","title":{"rendered":"AMORTECEDOR DIANT BESTA KIA 96"},"content":{"rendered":"<p>DESCRI\u00c7\u00c3O= AMORTECEDOR DIANT BESTA KIA 96 C\u00d3DIGO DO FABRICANTE= B47069 MARCA = COFAP<\/p>\n","protected":false},"excerpt":{"rendered":"<p>DESCRI\u00c7\u00c3O= AMORTECEDOR DIANT BESTA KIA 96 C\u00d3DIGO DO FABRICANTE= B47069 MARCA = COFAP<\/p>\n","protected":false},"featured_media":0,"template":"","meta":{"om_disable_all_campaigns":false,"_monsterinsights_skip_tracking":false,"_monsterinsights_sitenote_active":false,"_monsterinsights_sitenote_note":"","_monsterinsights_sitenote_category":0},"product_cat":[92],"product_tag":[],"aioseo_notices":[],"_links":{"self":[{"href":"https:\/\/autopecasanhanguera.com.br\/index.php\/wp-json\/wp\/v2\/product\/11269"}],"collection":[{"href":"https:\/\/autopecasanhanguera.com.br\/index.php\/wp-json\/wp\/v2\/product"}],"about":[{"href":"https:\/\/autopecasanhanguera.com.br\/index.php\/wp-json\/wp\/v2\/types\/product"}],"wp:attachment":[{"href":"https:\/\/autopecasanhanguera.com.br\/index.php\/wp-json\/wp\/v2\/media?parent=11269"}],"wp:term":[{"taxonomy":"product_cat","embeddable":true,"href":"https:\/\/autopecasanhanguera.com.br\/index.php\/wp-json\/wp\/v2\/product_cat?post=11269"},{"taxonomy":"product_tag","embeddable":true,"href":"https:\/\/autopecasanhanguera.com.br\/index.php\/wp-json\/wp\/v2\/product_tag?post=11269"}],"curies":[{"name":"wp","href":"https:\/\/api.w.org\/{rel}","templated":true}]}}