{"id":11322,"date":"2022-11-23T21:20:32","date_gmt":"2022-11-23T21:20:32","guid":{"rendered":"https:\/\/autopecasanhanguera.com.br\/?post_type=product&#038;p=11322"},"modified":"2022-11-23T21:20:32","modified_gmt":"2022-11-23T21:20:32","slug":"terminal-direcao-hilux","status":"publish","type":"product","link":"https:\/\/autopecasanhanguera.com.br\/index.php\/product\/terminal-direcao-hilux\/","title":{"rendered":"TERMINAL DIRECAO HILUX"},"content":{"rendered":"<p>DESCRI\u00c7\u00c3O= TERMINAL DIRECAO HILUX C\u00d3DIGO DO FABRICANTE= TE559216 MARCA = KICTECH<\/p>\n","protected":false},"excerpt":{"rendered":"<p>DESCRI\u00c7\u00c3O= TERMINAL DIRECAO HILUX C\u00d3DIGO DO FABRICANTE= TE559216 MARCA = KICTECH<\/p>\n","protected":false},"featured_media":0,"template":"","meta":{"om_disable_all_campaigns":false,"_monsterinsights_skip_tracking":false,"_monsterinsights_sitenote_active":false,"_monsterinsights_sitenote_note":"","_monsterinsights_sitenote_category":0},"product_cat":[92],"product_tag":[],"aioseo_notices":[],"_links":{"self":[{"href":"https:\/\/autopecasanhanguera.com.br\/index.php\/wp-json\/wp\/v2\/product\/11322"}],"collection":[{"href":"https:\/\/autopecasanhanguera.com.br\/index.php\/wp-json\/wp\/v2\/product"}],"about":[{"href":"https:\/\/autopecasanhanguera.com.br\/index.php\/wp-json\/wp\/v2\/types\/product"}],"wp:attachment":[{"href":"https:\/\/autopecasanhanguera.com.br\/index.php\/wp-json\/wp\/v2\/media?parent=11322"}],"wp:term":[{"taxonomy":"product_cat","embeddable":true,"href":"https:\/\/autopecasanhanguera.com.br\/index.php\/wp-json\/wp\/v2\/product_cat?post=11322"},{"taxonomy":"product_tag","embeddable":true,"href":"https:\/\/autopecasanhanguera.com.br\/index.php\/wp-json\/wp\/v2\/product_tag?post=11322"}],"curies":[{"name":"wp","href":"https:\/\/api.w.org\/{rel}","templated":true}]}}