{"id":1134,"date":"2022-11-23T21:07:33","date_gmt":"2022-11-23T21:07:33","guid":{"rendered":"https:\/\/autopecasanhanguera.com.br\/?post_type=product&#038;p=1134"},"modified":"2022-11-23T21:07:33","modified_gmt":"2022-11-23T21:07:33","slug":"porca-hom-gol","status":"publish","type":"product","link":"https:\/\/autopecasanhanguera.com.br\/index.php\/product\/porca-hom-gol\/","title":{"rendered":"PORCA HOM GOL"},"content":{"rendered":"<p>DESCRI\u00c7\u00c3O= PORCA HOM GOL C\u00d3DIGO DO FABRICANTE= 8205 2209 6327 MARCA = PATRAL<\/p>\n","protected":false},"excerpt":{"rendered":"<p>DESCRI\u00c7\u00c3O= PORCA HOM GOL C\u00d3DIGO DO FABRICANTE= 8205 2209 6327 MARCA = PATRAL<\/p>\n","protected":false},"featured_media":0,"template":"","meta":{"om_disable_all_campaigns":false,"_monsterinsights_skip_tracking":false,"_monsterinsights_sitenote_active":false,"_monsterinsights_sitenote_note":"","_monsterinsights_sitenote_category":0},"product_cat":[103],"product_tag":[],"aioseo_notices":[],"_links":{"self":[{"href":"https:\/\/autopecasanhanguera.com.br\/index.php\/wp-json\/wp\/v2\/product\/1134"}],"collection":[{"href":"https:\/\/autopecasanhanguera.com.br\/index.php\/wp-json\/wp\/v2\/product"}],"about":[{"href":"https:\/\/autopecasanhanguera.com.br\/index.php\/wp-json\/wp\/v2\/types\/product"}],"wp:attachment":[{"href":"https:\/\/autopecasanhanguera.com.br\/index.php\/wp-json\/wp\/v2\/media?parent=1134"}],"wp:term":[{"taxonomy":"product_cat","embeddable":true,"href":"https:\/\/autopecasanhanguera.com.br\/index.php\/wp-json\/wp\/v2\/product_cat?post=1134"},{"taxonomy":"product_tag","embeddable":true,"href":"https:\/\/autopecasanhanguera.com.br\/index.php\/wp-json\/wp\/v2\/product_tag?post=1134"}],"curies":[{"name":"wp","href":"https:\/\/api.w.org\/{rel}","templated":true}]}}