{"id":11412,"date":"2022-11-23T21:20:39","date_gmt":"2022-11-23T21:20:39","guid":{"rendered":"https:\/\/autopecasanhanguera.com.br\/?post_type=product&#038;p=11412"},"modified":"2022-11-23T21:20:39","modified_gmt":"2022-11-23T21:20:39","slug":"retentor-valvulas-d20-mt-maxio","status":"publish","type":"product","link":"https:\/\/autopecasanhanguera.com.br\/index.php\/product\/retentor-valvulas-d20-mt-maxio\/","title":{"rendered":"RETENTOR VALVULAS D20 MT MAXIO"},"content":{"rendered":"<p>DESCRI\u00c7\u00c3O= RETENTOR VALVULAS D20 MT MAXIO C\u00d3DIGO DO FABRICANTE= 3045 MARCA = SABO<\/p>\n","protected":false},"excerpt":{"rendered":"<p>DESCRI\u00c7\u00c3O= RETENTOR VALVULAS D20 MT MAXIO C\u00d3DIGO DO FABRICANTE= 3045 MARCA = SABO<\/p>\n","protected":false},"featured_media":0,"template":"","meta":{"om_disable_all_campaigns":false,"_monsterinsights_skip_tracking":false,"_monsterinsights_sitenote_active":false,"_monsterinsights_sitenote_note":"","_monsterinsights_sitenote_category":0},"product_cat":[209],"product_tag":[],"aioseo_notices":[],"_links":{"self":[{"href":"https:\/\/autopecasanhanguera.com.br\/index.php\/wp-json\/wp\/v2\/product\/11412"}],"collection":[{"href":"https:\/\/autopecasanhanguera.com.br\/index.php\/wp-json\/wp\/v2\/product"}],"about":[{"href":"https:\/\/autopecasanhanguera.com.br\/index.php\/wp-json\/wp\/v2\/types\/product"}],"wp:attachment":[{"href":"https:\/\/autopecasanhanguera.com.br\/index.php\/wp-json\/wp\/v2\/media?parent=11412"}],"wp:term":[{"taxonomy":"product_cat","embeddable":true,"href":"https:\/\/autopecasanhanguera.com.br\/index.php\/wp-json\/wp\/v2\/product_cat?post=11412"},{"taxonomy":"product_tag","embeddable":true,"href":"https:\/\/autopecasanhanguera.com.br\/index.php\/wp-json\/wp\/v2\/product_tag?post=11412"}],"curies":[{"name":"wp","href":"https:\/\/api.w.org\/{rel}","templated":true}]}}