{"id":1151,"date":"2022-11-23T21:09:03","date_gmt":"2022-11-23T21:09:03","guid":{"rendered":"https:\/\/autopecasanhanguera.com.br\/?post_type=product&#038;p=1151"},"modified":"2022-11-23T21:09:03","modified_gmt":"2022-11-23T21:09:03","slug":"retentor-cambio-lat-corsa","status":"publish","type":"product","link":"https:\/\/autopecasanhanguera.com.br\/index.php\/product\/retentor-cambio-lat-corsa\/","title":{"rendered":"RETENTOR CAMBIO LAT CORSA"},"content":{"rendered":"<p>DESCRI\u00c7\u00c3O= RETENTOR CAMBIO LAT CORSA C\u00d3DIGO DO FABRICANTE= 8307P 02370BRAGE MARCA = EDSON<\/p>\n","protected":false},"excerpt":{"rendered":"<p>DESCRI\u00c7\u00c3O= RETENTOR CAMBIO LAT CORSA C\u00d3DIGO DO FABRICANTE= 8307P 02370BRAGE MARCA = EDSON<\/p>\n","protected":false},"featured_media":0,"template":"","meta":{"om_disable_all_campaigns":false,"_monsterinsights_skip_tracking":false,"_monsterinsights_sitenote_active":false,"_monsterinsights_sitenote_note":"","_monsterinsights_sitenote_category":0},"product_cat":[209],"product_tag":[],"aioseo_notices":[],"_links":{"self":[{"href":"https:\/\/autopecasanhanguera.com.br\/index.php\/wp-json\/wp\/v2\/product\/1151"}],"collection":[{"href":"https:\/\/autopecasanhanguera.com.br\/index.php\/wp-json\/wp\/v2\/product"}],"about":[{"href":"https:\/\/autopecasanhanguera.com.br\/index.php\/wp-json\/wp\/v2\/types\/product"}],"wp:attachment":[{"href":"https:\/\/autopecasanhanguera.com.br\/index.php\/wp-json\/wp\/v2\/media?parent=1151"}],"wp:term":[{"taxonomy":"product_cat","embeddable":true,"href":"https:\/\/autopecasanhanguera.com.br\/index.php\/wp-json\/wp\/v2\/product_cat?post=1151"},{"taxonomy":"product_tag","embeddable":true,"href":"https:\/\/autopecasanhanguera.com.br\/index.php\/wp-json\/wp\/v2\/product_tag?post=1151"}],"curies":[{"name":"wp","href":"https:\/\/api.w.org\/{rel}","templated":true}]}}