{"id":11540,"date":"2022-11-23T21:20:50","date_gmt":"2022-11-23T21:20:50","guid":{"rendered":"https:\/\/autopecasanhanguera.com.br\/?post_type=product&#038;p=11540"},"modified":"2022-11-23T21:20:50","modified_gmt":"2022-11-23T21:20:50","slug":"bronzina-mancal-gol-ap-mt-1mm","status":"publish","type":"product","link":"https:\/\/autopecasanhanguera.com.br\/index.php\/product\/bronzina-mancal-gol-ap-mt-1mm\/","title":{"rendered":"BRONZINA MANCAL GOL AP MT 1MM"},"content":{"rendered":"<p>DESCRI\u00c7\u00c3O= BRONZINA MANCAL GOL AP MT 1MM C\u00d3DIGO DO FABRICANTE= BC292*43* MARCA = SINTERMETAL<\/p>\n","protected":false},"excerpt":{"rendered":"<p>DESCRI\u00c7\u00c3O= BRONZINA MANCAL GOL AP MT 1MM C\u00d3DIGO DO FABRICANTE= BC292*43* MARCA = SINTERMETAL<\/p>\n","protected":false},"featured_media":0,"template":"","meta":{"om_disable_all_campaigns":false,"_monsterinsights_skip_tracking":false,"_monsterinsights_sitenote_active":false,"_monsterinsights_sitenote_note":"","_monsterinsights_sitenote_category":0},"product_cat":[96],"product_tag":[],"aioseo_notices":[],"_links":{"self":[{"href":"https:\/\/autopecasanhanguera.com.br\/index.php\/wp-json\/wp\/v2\/product\/11540"}],"collection":[{"href":"https:\/\/autopecasanhanguera.com.br\/index.php\/wp-json\/wp\/v2\/product"}],"about":[{"href":"https:\/\/autopecasanhanguera.com.br\/index.php\/wp-json\/wp\/v2\/types\/product"}],"wp:attachment":[{"href":"https:\/\/autopecasanhanguera.com.br\/index.php\/wp-json\/wp\/v2\/media?parent=11540"}],"wp:term":[{"taxonomy":"product_cat","embeddable":true,"href":"https:\/\/autopecasanhanguera.com.br\/index.php\/wp-json\/wp\/v2\/product_cat?post=11540"},{"taxonomy":"product_tag","embeddable":true,"href":"https:\/\/autopecasanhanguera.com.br\/index.php\/wp-json\/wp\/v2\/product_tag?post=11540"}],"curies":[{"name":"wp","href":"https:\/\/api.w.org\/{rel}","templated":true}]}}