{"id":11612,"date":"2022-11-23T21:20:58","date_gmt":"2022-11-23T21:20:58","guid":{"rendered":"https:\/\/autopecasanhanguera.com.br\/?post_type=product&#038;p=11612"},"modified":"2022-11-23T21:20:58","modified_gmt":"2022-11-23T21:20:58","slug":"bracadeira-plastica-400mm-7039","status":"publish","type":"product","link":"https:\/\/autopecasanhanguera.com.br\/index.php\/product\/bracadeira-plastica-400mm-7039\/","title":{"rendered":"BRACADEIRA PLASTICA 400MM 7039"},"content":{"rendered":"<p>DESCRI\u00c7\u00c3O= BRACADEIRA PLASTICA 400MM 7039 C\u00d3DIGO DO FABRICANTE= 400304000 MARCA = WB<\/p>\n","protected":false},"excerpt":{"rendered":"<p>DESCRI\u00c7\u00c3O= BRACADEIRA PLASTICA 400MM 7039 C\u00d3DIGO DO FABRICANTE= 400304000 MARCA = WB<\/p>\n","protected":false},"featured_media":0,"template":"","meta":{"om_disable_all_campaigns":false,"_monsterinsights_skip_tracking":false,"_monsterinsights_sitenote_active":false,"_monsterinsights_sitenote_note":"","_monsterinsights_sitenote_category":0},"product_cat":[89],"product_tag":[],"aioseo_notices":[],"_links":{"self":[{"href":"https:\/\/autopecasanhanguera.com.br\/index.php\/wp-json\/wp\/v2\/product\/11612"}],"collection":[{"href":"https:\/\/autopecasanhanguera.com.br\/index.php\/wp-json\/wp\/v2\/product"}],"about":[{"href":"https:\/\/autopecasanhanguera.com.br\/index.php\/wp-json\/wp\/v2\/types\/product"}],"wp:attachment":[{"href":"https:\/\/autopecasanhanguera.com.br\/index.php\/wp-json\/wp\/v2\/media?parent=11612"}],"wp:term":[{"taxonomy":"product_cat","embeddable":true,"href":"https:\/\/autopecasanhanguera.com.br\/index.php\/wp-json\/wp\/v2\/product_cat?post=11612"},{"taxonomy":"product_tag","embeddable":true,"href":"https:\/\/autopecasanhanguera.com.br\/index.php\/wp-json\/wp\/v2\/product_tag?post=11612"}],"curies":[{"name":"wp","href":"https:\/\/api.w.org\/{rel}","templated":true}]}}