{"id":11858,"date":"2022-11-23T21:21:12","date_gmt":"2022-11-23T21:21:12","guid":{"rendered":"https:\/\/autopecasanhanguera.com.br\/?post_type=product&#038;p=11858"},"modified":"2022-11-23T21:21:12","modified_gmt":"2022-11-23T21:21:12","slug":"liquido-limpeza-bico-fluido-ma","status":"publish","type":"product","link":"https:\/\/autopecasanhanguera.com.br\/index.php\/product\/liquido-limpeza-bico-fluido-ma\/","title":{"rendered":"LIQUIDO LIMPEZA BICO FLUIDO MA"},"content":{"rendered":"<p>DESCRI\u00c7\u00c3O= LIQUIDO LIMPEZA BICO FLUIDO MA C\u00d3DIGO DO FABRICANTE= 5510538*43*SEX* LLB- MARCA = NRW ATRIOS<\/p>\n","protected":false},"excerpt":{"rendered":"<p>DESCRI\u00c7\u00c3O= LIQUIDO LIMPEZA BICO FLUIDO MA C\u00d3DIGO DO FABRICANTE= 5510538*43*SEX* LLB- MARCA = NRW ATRIOS<\/p>\n","protected":false},"featured_media":0,"template":"","meta":{"om_disable_all_campaigns":false,"_monsterinsights_skip_tracking":false,"_monsterinsights_sitenote_active":false,"_monsterinsights_sitenote_note":"","_monsterinsights_sitenote_category":0},"product_cat":[89],"product_tag":[],"aioseo_notices":[],"_links":{"self":[{"href":"https:\/\/autopecasanhanguera.com.br\/index.php\/wp-json\/wp\/v2\/product\/11858"}],"collection":[{"href":"https:\/\/autopecasanhanguera.com.br\/index.php\/wp-json\/wp\/v2\/product"}],"about":[{"href":"https:\/\/autopecasanhanguera.com.br\/index.php\/wp-json\/wp\/v2\/types\/product"}],"wp:attachment":[{"href":"https:\/\/autopecasanhanguera.com.br\/index.php\/wp-json\/wp\/v2\/media?parent=11858"}],"wp:term":[{"taxonomy":"product_cat","embeddable":true,"href":"https:\/\/autopecasanhanguera.com.br\/index.php\/wp-json\/wp\/v2\/product_cat?post=11858"},{"taxonomy":"product_tag","embeddable":true,"href":"https:\/\/autopecasanhanguera.com.br\/index.php\/wp-json\/wp\/v2\/product_tag?post=11858"}],"curies":[{"name":"wp","href":"https:\/\/api.w.org\/{rel}","templated":true}]}}