{"id":12156,"date":"2022-11-23T21:21:30","date_gmt":"2022-11-23T21:21:30","guid":{"rendered":"https:\/\/autopecasanhanguera.com.br\/?post_type=product&#038;p=12156"},"modified":"2022-11-23T21:21:30","modified_gmt":"2022-11-23T21:21:30","slug":"junta-cabecote-palio-1-3-16v-k","status":"publish","type":"product","link":"https:\/\/autopecasanhanguera.com.br\/index.php\/product\/junta-cabecote-palio-1-3-16v-k\/","title":{"rendered":"JUNTA CABECOTE PALIO 1.3 16V K"},"content":{"rendered":"<p>DESCRI\u00c7\u00c3O= JUNTA CABECOTE PALIO 1.3 16V K C\u00d3DIGO DO FABRICANTE= R40811 MARCA = ORIGINAL BRASMECK<\/p>\n","protected":false},"excerpt":{"rendered":"<p>DESCRI\u00c7\u00c3O= JUNTA CABECOTE PALIO 1.3 16V K C\u00d3DIGO DO FABRICANTE= R40811 MARCA = ORIGINAL BRASMECK<\/p>\n","protected":false},"featured_media":0,"template":"","meta":{"om_disable_all_campaigns":false,"_monsterinsights_skip_tracking":false,"_monsterinsights_sitenote_active":false,"_monsterinsights_sitenote_note":"","_monsterinsights_sitenote_category":0},"product_cat":[241],"product_tag":[],"aioseo_notices":[],"_links":{"self":[{"href":"https:\/\/autopecasanhanguera.com.br\/index.php\/wp-json\/wp\/v2\/product\/12156"}],"collection":[{"href":"https:\/\/autopecasanhanguera.com.br\/index.php\/wp-json\/wp\/v2\/product"}],"about":[{"href":"https:\/\/autopecasanhanguera.com.br\/index.php\/wp-json\/wp\/v2\/types\/product"}],"wp:attachment":[{"href":"https:\/\/autopecasanhanguera.com.br\/index.php\/wp-json\/wp\/v2\/media?parent=12156"}],"wp:term":[{"taxonomy":"product_cat","embeddable":true,"href":"https:\/\/autopecasanhanguera.com.br\/index.php\/wp-json\/wp\/v2\/product_cat?post=12156"},{"taxonomy":"product_tag","embeddable":true,"href":"https:\/\/autopecasanhanguera.com.br\/index.php\/wp-json\/wp\/v2\/product_tag?post=12156"}],"curies":[{"name":"wp","href":"https:\/\/api.w.org\/{rel}","templated":true}]}}