{"id":12175,"date":"2022-11-23T21:21:30","date_gmt":"2022-11-23T21:21:30","guid":{"rendered":"https:\/\/autopecasanhanguera.com.br\/?post_type=product&#038;p=12175"},"modified":"2022-11-23T21:21:30","modified_gmt":"2022-11-23T21:21:30","slug":"tapete-gol-g5","status":"publish","type":"product","link":"https:\/\/autopecasanhanguera.com.br\/index.php\/product\/tapete-gol-g5\/","title":{"rendered":"TAPETE GOL G5"},"content":{"rendered":"<p>DESCRI\u00c7\u00c3O= TAPETE GOL G5 C\u00d3DIGO DO FABRICANTE= S0003 MARCA = J-LEAL<\/p>\n","protected":false},"excerpt":{"rendered":"<p>DESCRI\u00c7\u00c3O= TAPETE GOL G5 C\u00d3DIGO DO FABRICANTE= S0003 MARCA = J-LEAL<\/p>\n","protected":false},"featured_media":0,"template":"","meta":{"om_disable_all_campaigns":false,"_monsterinsights_skip_tracking":false,"_monsterinsights_sitenote_active":false,"_monsterinsights_sitenote_note":"","_monsterinsights_sitenote_category":0},"product_cat":[96],"product_tag":[],"aioseo_notices":[],"_links":{"self":[{"href":"https:\/\/autopecasanhanguera.com.br\/index.php\/wp-json\/wp\/v2\/product\/12175"}],"collection":[{"href":"https:\/\/autopecasanhanguera.com.br\/index.php\/wp-json\/wp\/v2\/product"}],"about":[{"href":"https:\/\/autopecasanhanguera.com.br\/index.php\/wp-json\/wp\/v2\/types\/product"}],"wp:attachment":[{"href":"https:\/\/autopecasanhanguera.com.br\/index.php\/wp-json\/wp\/v2\/media?parent=12175"}],"wp:term":[{"taxonomy":"product_cat","embeddable":true,"href":"https:\/\/autopecasanhanguera.com.br\/index.php\/wp-json\/wp\/v2\/product_cat?post=12175"},{"taxonomy":"product_tag","embeddable":true,"href":"https:\/\/autopecasanhanguera.com.br\/index.php\/wp-json\/wp\/v2\/product_tag?post=12175"}],"curies":[{"name":"wp","href":"https:\/\/api.w.org\/{rel}","templated":true}]}}