{"id":12238,"date":"2022-11-23T21:21:35","date_gmt":"2022-11-23T21:21:35","guid":{"rendered":"https:\/\/autopecasanhanguera.com.br\/?post_type=product&#038;p=12238"},"modified":"2022-11-23T21:21:35","modified_gmt":"2022-11-23T21:21:35","slug":"terminal-direcao-gol-gv-fox-ld","status":"publish","type":"product","link":"https:\/\/autopecasanhanguera.com.br\/index.php\/product\/terminal-direcao-gol-gv-fox-ld\/","title":{"rendered":"TERMINAL DIRECAO GOL GV FOX LD"},"content":{"rendered":"<p>DESCRI\u00c7\u00c3O= TERMINAL DIRECAO GOL GV FOX LD C\u00d3DIGO DO FABRICANTE= VW253 TDI1088 MARCA = EDSON<\/p>\n","protected":false},"excerpt":{"rendered":"<p>DESCRI\u00c7\u00c3O= TERMINAL DIRECAO GOL GV FOX LD C\u00d3DIGO DO FABRICANTE= VW253 TDI1088 MARCA = EDSON<\/p>\n","protected":false},"featured_media":0,"template":"","meta":{"om_disable_all_campaigns":false,"_monsterinsights_skip_tracking":false,"_monsterinsights_sitenote_active":false,"_monsterinsights_sitenote_note":"","_monsterinsights_sitenote_category":0},"product_cat":[92],"product_tag":[],"aioseo_notices":[],"_links":{"self":[{"href":"https:\/\/autopecasanhanguera.com.br\/index.php\/wp-json\/wp\/v2\/product\/12238"}],"collection":[{"href":"https:\/\/autopecasanhanguera.com.br\/index.php\/wp-json\/wp\/v2\/product"}],"about":[{"href":"https:\/\/autopecasanhanguera.com.br\/index.php\/wp-json\/wp\/v2\/types\/product"}],"wp:attachment":[{"href":"https:\/\/autopecasanhanguera.com.br\/index.php\/wp-json\/wp\/v2\/media?parent=12238"}],"wp:term":[{"taxonomy":"product_cat","embeddable":true,"href":"https:\/\/autopecasanhanguera.com.br\/index.php\/wp-json\/wp\/v2\/product_cat?post=12238"},{"taxonomy":"product_tag","embeddable":true,"href":"https:\/\/autopecasanhanguera.com.br\/index.php\/wp-json\/wp\/v2\/product_tag?post=12238"}],"curies":[{"name":"wp","href":"https:\/\/api.w.org\/{rel}","templated":true}]}}