{"id":1241,"date":"2022-11-23T21:09:17","date_gmt":"2022-11-23T21:09:17","guid":{"rendered":"https:\/\/autopecasanhanguera.com.br\/?post_type=product&#038;p=1241"},"modified":"2022-11-23T21:09:17","modified_gmt":"2022-11-23T21:09:17","slug":"batente-amort-diant-corcel-del","status":"publish","type":"product","link":"https:\/\/autopecasanhanguera.com.br\/index.php\/product\/batente-amort-diant-corcel-del\/","title":{"rendered":"BATENTE AMORT DIANT CORCEL DEL"},"content":{"rendered":"<p>DESCRI\u00c7\u00c3O= BATENTE AMORT DIANT CORCEL DEL C\u00d3DIGO DO FABRICANTE= MB-237*43*RUP*6PC MARCA = NEW<\/p>\n","protected":false},"excerpt":{"rendered":"<p>DESCRI\u00c7\u00c3O= BATENTE AMORT DIANT CORCEL DEL C\u00d3DIGO DO FABRICANTE= MB-237*43*RUP*6PC MARCA = NEW<\/p>\n","protected":false},"featured_media":0,"template":"","meta":{"om_disable_all_campaigns":false,"_monsterinsights_skip_tracking":false,"_monsterinsights_sitenote_active":false,"_monsterinsights_sitenote_note":"","_monsterinsights_sitenote_category":0},"product_cat":[92],"product_tag":[],"aioseo_notices":[],"_links":{"self":[{"href":"https:\/\/autopecasanhanguera.com.br\/index.php\/wp-json\/wp\/v2\/product\/1241"}],"collection":[{"href":"https:\/\/autopecasanhanguera.com.br\/index.php\/wp-json\/wp\/v2\/product"}],"about":[{"href":"https:\/\/autopecasanhanguera.com.br\/index.php\/wp-json\/wp\/v2\/types\/product"}],"wp:attachment":[{"href":"https:\/\/autopecasanhanguera.com.br\/index.php\/wp-json\/wp\/v2\/media?parent=1241"}],"wp:term":[{"taxonomy":"product_cat","embeddable":true,"href":"https:\/\/autopecasanhanguera.com.br\/index.php\/wp-json\/wp\/v2\/product_cat?post=1241"},{"taxonomy":"product_tag","embeddable":true,"href":"https:\/\/autopecasanhanguera.com.br\/index.php\/wp-json\/wp\/v2\/product_tag?post=1241"}],"curies":[{"name":"wp","href":"https:\/\/api.w.org\/{rel}","templated":true}]}}