{"id":12445,"date":"2022-11-23T21:21:47","date_gmt":"2022-11-23T21:21:47","guid":{"rendered":"https:\/\/autopecasanhanguera.com.br\/?post_type=product&#038;p=12445"},"modified":"2022-11-23T21:21:47","modified_gmt":"2022-11-23T21:21:47","slug":"bracadeira-9mm-8x9-aperto","status":"publish","type":"product","link":"https:\/\/autopecasanhanguera.com.br\/index.php\/product\/bracadeira-9mm-8x9-aperto\/","title":{"rendered":"BRACADEIRA 9MM 8X9 APERTO"},"content":{"rendered":"<p>DESCRI\u00c7\u00c3O= BRACADEIRA 9MM 8X9 APERTO C\u00d3DIGO DO FABRICANTE= 5090032*43*PXX* MARCA = NEW<\/p>\n","protected":false},"excerpt":{"rendered":"<p>DESCRI\u00c7\u00c3O= BRACADEIRA 9MM 8X9 APERTO C\u00d3DIGO DO FABRICANTE= 5090032*43*PXX* MARCA = NEW<\/p>\n","protected":false},"featured_media":0,"template":"","meta":{"om_disable_all_campaigns":false,"_monsterinsights_skip_tracking":false,"_monsterinsights_sitenote_active":false,"_monsterinsights_sitenote_note":"","_monsterinsights_sitenote_category":0},"product_cat":[103],"product_tag":[],"aioseo_notices":[],"_links":{"self":[{"href":"https:\/\/autopecasanhanguera.com.br\/index.php\/wp-json\/wp\/v2\/product\/12445"}],"collection":[{"href":"https:\/\/autopecasanhanguera.com.br\/index.php\/wp-json\/wp\/v2\/product"}],"about":[{"href":"https:\/\/autopecasanhanguera.com.br\/index.php\/wp-json\/wp\/v2\/types\/product"}],"wp:attachment":[{"href":"https:\/\/autopecasanhanguera.com.br\/index.php\/wp-json\/wp\/v2\/media?parent=12445"}],"wp:term":[{"taxonomy":"product_cat","embeddable":true,"href":"https:\/\/autopecasanhanguera.com.br\/index.php\/wp-json\/wp\/v2\/product_cat?post=12445"},{"taxonomy":"product_tag","embeddable":true,"href":"https:\/\/autopecasanhanguera.com.br\/index.php\/wp-json\/wp\/v2\/product_tag?post=12445"}],"curies":[{"name":"wp","href":"https:\/\/api.w.org\/{rel}","templated":true}]}}