{"id":12470,"date":"2022-11-23T21:21:49","date_gmt":"2022-11-23T21:21:49","guid":{"rendered":"https:\/\/autopecasanhanguera.com.br\/?post_type=product&#038;p=12470"},"modified":"2022-11-23T21:21:49","modified_gmt":"2022-11-23T21:21:49","slug":"conector-motor-ar-condicionado","status":"publish","type":"product","link":"https:\/\/autopecasanhanguera.com.br\/index.php\/product\/conector-motor-ar-condicionado\/","title":{"rendered":"CONECTOR MOTOR AR CONDICIONADO"},"content":{"rendered":"<p>DESCRI\u00c7\u00c3O= CONECTOR MOTOR AR CONDICIONADO C\u00d3DIGO DO FABRICANTE= TC1226*43*1UN* MARCA = TC CHICOTES<\/p>\n","protected":false},"excerpt":{"rendered":"<p>DESCRI\u00c7\u00c3O= CONECTOR MOTOR AR CONDICIONADO C\u00d3DIGO DO FABRICANTE= TC1226*43*1UN* MARCA = TC CHICOTES<\/p>\n","protected":false},"featured_media":0,"template":"","meta":{"om_disable_all_campaigns":false,"_monsterinsights_skip_tracking":false,"_monsterinsights_sitenote_active":false,"_monsterinsights_sitenote_note":"","_monsterinsights_sitenote_category":0},"product_cat":[325],"product_tag":[],"aioseo_notices":[],"_links":{"self":[{"href":"https:\/\/autopecasanhanguera.com.br\/index.php\/wp-json\/wp\/v2\/product\/12470"}],"collection":[{"href":"https:\/\/autopecasanhanguera.com.br\/index.php\/wp-json\/wp\/v2\/product"}],"about":[{"href":"https:\/\/autopecasanhanguera.com.br\/index.php\/wp-json\/wp\/v2\/types\/product"}],"wp:attachment":[{"href":"https:\/\/autopecasanhanguera.com.br\/index.php\/wp-json\/wp\/v2\/media?parent=12470"}],"wp:term":[{"taxonomy":"product_cat","embeddable":true,"href":"https:\/\/autopecasanhanguera.com.br\/index.php\/wp-json\/wp\/v2\/product_cat?post=12470"},{"taxonomy":"product_tag","embeddable":true,"href":"https:\/\/autopecasanhanguera.com.br\/index.php\/wp-json\/wp\/v2\/product_tag?post=12470"}],"curies":[{"name":"wp","href":"https:\/\/api.w.org\/{rel}","templated":true}]}}