{"id":12940,"date":"2022-11-23T21:22:32","date_gmt":"2022-11-23T21:22:32","guid":{"rendered":"https:\/\/autopecasanhanguera.com.br\/?post_type=product&#038;p=12940"},"modified":"2022-11-23T21:22:32","modified_gmt":"2022-11-23T21:22:32","slug":"mangueira-respiro-oleo-uno-mil","status":"publish","type":"product","link":"https:\/\/autopecasanhanguera.com.br\/index.php\/product\/mangueira-respiro-oleo-uno-mil\/","title":{"rendered":"MANGUEIRA RESPIRO OLEO UNO MIL"},"content":{"rendered":"<p>DESCRI\u00c7\u00c3O= MANGUEIRA RESPIRO OLEO UNO MIL C\u00d3DIGO DO FABRICANTE= JA10136 HS12665 MARCA = HS<\/p>\n","protected":false},"excerpt":{"rendered":"<p>DESCRI\u00c7\u00c3O= MANGUEIRA RESPIRO OLEO UNO MIL C\u00d3DIGO DO FABRICANTE= JA10136 HS12665 MARCA = HS<\/p>\n","protected":false},"featured_media":0,"template":"","meta":{"om_disable_all_campaigns":false,"_monsterinsights_skip_tracking":false,"_monsterinsights_sitenote_active":false,"_monsterinsights_sitenote_note":"","_monsterinsights_sitenote_category":0},"product_cat":[109],"product_tag":[],"aioseo_notices":[],"_links":{"self":[{"href":"https:\/\/autopecasanhanguera.com.br\/index.php\/wp-json\/wp\/v2\/product\/12940"}],"collection":[{"href":"https:\/\/autopecasanhanguera.com.br\/index.php\/wp-json\/wp\/v2\/product"}],"about":[{"href":"https:\/\/autopecasanhanguera.com.br\/index.php\/wp-json\/wp\/v2\/types\/product"}],"wp:attachment":[{"href":"https:\/\/autopecasanhanguera.com.br\/index.php\/wp-json\/wp\/v2\/media?parent=12940"}],"wp:term":[{"taxonomy":"product_cat","embeddable":true,"href":"https:\/\/autopecasanhanguera.com.br\/index.php\/wp-json\/wp\/v2\/product_cat?post=12940"},{"taxonomy":"product_tag","embeddable":true,"href":"https:\/\/autopecasanhanguera.com.br\/index.php\/wp-json\/wp\/v2\/product_tag?post=12940"}],"curies":[{"name":"wp","href":"https:\/\/api.w.org\/{rel}","templated":true}]}}