{"id":12941,"date":"2022-11-23T21:22:32","date_gmt":"2022-11-23T21:22:32","guid":{"rendered":"https:\/\/autopecasanhanguera.com.br\/?post_type=product&#038;p=12941"},"modified":"2022-11-23T21:22:32","modified_gmt":"2022-11-23T21:22:32","slug":"anti-chama-uno-mille-palio","status":"publish","type":"product","link":"https:\/\/autopecasanhanguera.com.br\/index.php\/product\/anti-chama-uno-mille-palio\/","title":{"rendered":"ANTI CHAMA UNO MILLE PALIO"},"content":{"rendered":"<p>DESCRI\u00c7\u00c3O= ANTI CHAMA UNO MILLE PALIO C\u00d3DIGO DO FABRICANTE= 2993 5007057 MASTER MARCA = PECA + AUTOMOTIVE<\/p>\n","protected":false},"excerpt":{"rendered":"<p>DESCRI\u00c7\u00c3O= ANTI CHAMA UNO MILLE PALIO C\u00d3DIGO DO FABRICANTE= 2993 5007057 MASTER MARCA = PECA + AUTOMOTIVE<\/p>\n","protected":false},"featured_media":0,"template":"","meta":{"om_disable_all_campaigns":false,"_monsterinsights_skip_tracking":false,"_monsterinsights_sitenote_active":false,"_monsterinsights_sitenote_note":"","_monsterinsights_sitenote_category":0},"product_cat":[105],"product_tag":[],"aioseo_notices":[],"_links":{"self":[{"href":"https:\/\/autopecasanhanguera.com.br\/index.php\/wp-json\/wp\/v2\/product\/12941"}],"collection":[{"href":"https:\/\/autopecasanhanguera.com.br\/index.php\/wp-json\/wp\/v2\/product"}],"about":[{"href":"https:\/\/autopecasanhanguera.com.br\/index.php\/wp-json\/wp\/v2\/types\/product"}],"wp:attachment":[{"href":"https:\/\/autopecasanhanguera.com.br\/index.php\/wp-json\/wp\/v2\/media?parent=12941"}],"wp:term":[{"taxonomy":"product_cat","embeddable":true,"href":"https:\/\/autopecasanhanguera.com.br\/index.php\/wp-json\/wp\/v2\/product_cat?post=12941"},{"taxonomy":"product_tag","embeddable":true,"href":"https:\/\/autopecasanhanguera.com.br\/index.php\/wp-json\/wp\/v2\/product_tag?post=12941"}],"curies":[{"name":"wp","href":"https:\/\/api.w.org\/{rel}","templated":true}]}}