{"id":13056,"date":"2022-11-23T21:22:42","date_gmt":"2022-11-23T21:22:42","guid":{"rendered":"https:\/\/autopecasanhanguera.com.br\/?post_type=product&#038;p=13056"},"modified":"2022-11-23T21:22:42","modified_gmt":"2022-11-23T21:22:42","slug":"sensor-corpo-borboleta-uno-tbi","status":"publish","type":"product","link":"https:\/\/autopecasanhanguera.com.br\/index.php\/product\/sensor-corpo-borboleta-uno-tbi\/","title":{"rendered":"SENSOR CORPO BORBOLETA UNO TBI"},"content":{"rendered":"<p>DESCRI\u00c7\u00c3O= SENSOR CORPO BORBOLETA UNO TBI C\u00d3DIGO DO FABRICANTE= *43*ESB702 MAX5710 MARCA = EKLASS IGNFORT<\/p>\n","protected":false},"excerpt":{"rendered":"<p>DESCRI\u00c7\u00c3O= SENSOR CORPO BORBOLETA UNO TBI C\u00d3DIGO DO FABRICANTE= *43*ESB702 MAX5710 MARCA = EKLASS IGNFORT<\/p>\n","protected":false},"featured_media":0,"template":"","meta":{"om_disable_all_campaigns":false,"_monsterinsights_skip_tracking":false,"_monsterinsights_sitenote_active":false,"_monsterinsights_sitenote_note":"","_monsterinsights_sitenote_category":0},"product_cat":[325],"product_tag":[],"aioseo_notices":[],"_links":{"self":[{"href":"https:\/\/autopecasanhanguera.com.br\/index.php\/wp-json\/wp\/v2\/product\/13056"}],"collection":[{"href":"https:\/\/autopecasanhanguera.com.br\/index.php\/wp-json\/wp\/v2\/product"}],"about":[{"href":"https:\/\/autopecasanhanguera.com.br\/index.php\/wp-json\/wp\/v2\/types\/product"}],"wp:attachment":[{"href":"https:\/\/autopecasanhanguera.com.br\/index.php\/wp-json\/wp\/v2\/media?parent=13056"}],"wp:term":[{"taxonomy":"product_cat","embeddable":true,"href":"https:\/\/autopecasanhanguera.com.br\/index.php\/wp-json\/wp\/v2\/product_cat?post=13056"},{"taxonomy":"product_tag","embeddable":true,"href":"https:\/\/autopecasanhanguera.com.br\/index.php\/wp-json\/wp\/v2\/product_tag?post=13056"}],"curies":[{"name":"wp","href":"https:\/\/api.w.org\/{rel}","templated":true}]}}