{"id":13146,"date":"2022-11-23T21:22:50","date_gmt":"2022-11-23T21:22:50","guid":{"rendered":"https:\/\/autopecasanhanguera.com.br\/?post_type=product&#038;p=13146"},"modified":"2022-11-23T21:22:50","modified_gmt":"2022-11-23T21:22:50","slug":"sapata-freio-honda-1-3-16v-1-5-2","status":"publish","type":"product","link":"https:\/\/autopecasanhanguera.com.br\/index.php\/product\/sapata-freio-honda-1-3-16v-1-5-2\/","title":{"rendered":"SAPATA FREIO HONDA 1.3 16V 1.5"},"content":{"rendered":"<p>DESCRI\u00c7\u00c3O= SAPATA FREIO HONDA 1.3 16V 1.5 C\u00d3DIGO DO FABRICANTE= 12552 SP5542 HO\/1 MARCA = FRAES<\/p>\n","protected":false},"excerpt":{"rendered":"<p>DESCRI\u00c7\u00c3O= SAPATA FREIO HONDA 1.3 16V 1.5 C\u00d3DIGO DO FABRICANTE= 12552 SP5542 HO\/1 MARCA = FRAES<\/p>\n","protected":false},"featured_media":0,"template":"","meta":{"om_disable_all_campaigns":false,"_monsterinsights_skip_tracking":false,"_monsterinsights_sitenote_active":false,"_monsterinsights_sitenote_note":"","_monsterinsights_sitenote_category":0},"product_cat":[99],"product_tag":[],"aioseo_notices":[],"_links":{"self":[{"href":"https:\/\/autopecasanhanguera.com.br\/index.php\/wp-json\/wp\/v2\/product\/13146"}],"collection":[{"href":"https:\/\/autopecasanhanguera.com.br\/index.php\/wp-json\/wp\/v2\/product"}],"about":[{"href":"https:\/\/autopecasanhanguera.com.br\/index.php\/wp-json\/wp\/v2\/types\/product"}],"wp:attachment":[{"href":"https:\/\/autopecasanhanguera.com.br\/index.php\/wp-json\/wp\/v2\/media?parent=13146"}],"wp:term":[{"taxonomy":"product_cat","embeddable":true,"href":"https:\/\/autopecasanhanguera.com.br\/index.php\/wp-json\/wp\/v2\/product_cat?post=13146"},{"taxonomy":"product_tag","embeddable":true,"href":"https:\/\/autopecasanhanguera.com.br\/index.php\/wp-json\/wp\/v2\/product_tag?post=13146"}],"curies":[{"name":"wp","href":"https:\/\/api.w.org\/{rel}","templated":true}]}}