{"id":13170,"date":"2022-11-23T21:22:53","date_gmt":"2022-11-23T21:22:53","guid":{"rendered":"https:\/\/autopecasanhanguera.com.br\/?post_type=product&#038;p=13170"},"modified":"2022-11-23T21:22:53","modified_gmt":"2022-11-23T21:22:53","slug":"rolamento-roda-diant-corsa-mod","status":"publish","type":"product","link":"https:\/\/autopecasanhanguera.com.br\/index.php\/product\/rolamento-roda-diant-corsa-mod\/","title":{"rendered":"ROLAMENTO RODA DIANT CORSA MOD"},"content":{"rendered":"<p>DESCRI\u00c7\u00c3O= ROLAMENTO RODA DIANT CORSA MOD C\u00d3DIGO DO FABRICANTE= ASH3467 MARCA = ASH<\/p>\n","protected":false},"excerpt":{"rendered":"<p>DESCRI\u00c7\u00c3O= ROLAMENTO RODA DIANT CORSA MOD C\u00d3DIGO DO FABRICANTE= ASH3467 MARCA = ASH<\/p>\n","protected":false},"featured_media":0,"template":"","meta":{"om_disable_all_campaigns":false,"_monsterinsights_skip_tracking":false,"_monsterinsights_sitenote_active":false,"_monsterinsights_sitenote_note":"","_monsterinsights_sitenote_category":0},"product_cat":[130],"product_tag":[],"aioseo_notices":[],"_links":{"self":[{"href":"https:\/\/autopecasanhanguera.com.br\/index.php\/wp-json\/wp\/v2\/product\/13170"}],"collection":[{"href":"https:\/\/autopecasanhanguera.com.br\/index.php\/wp-json\/wp\/v2\/product"}],"about":[{"href":"https:\/\/autopecasanhanguera.com.br\/index.php\/wp-json\/wp\/v2\/types\/product"}],"wp:attachment":[{"href":"https:\/\/autopecasanhanguera.com.br\/index.php\/wp-json\/wp\/v2\/media?parent=13170"}],"wp:term":[{"taxonomy":"product_cat","embeddable":true,"href":"https:\/\/autopecasanhanguera.com.br\/index.php\/wp-json\/wp\/v2\/product_cat?post=13170"},{"taxonomy":"product_tag","embeddable":true,"href":"https:\/\/autopecasanhanguera.com.br\/index.php\/wp-json\/wp\/v2\/product_tag?post=13170"}],"curies":[{"name":"wp","href":"https:\/\/api.w.org\/{rel}","templated":true}]}}