{"id":1325,"date":"2022-11-23T21:09:29","date_gmt":"2022-11-23T21:09:29","guid":{"rendered":"https:\/\/autopecasanhanguera.com.br\/?post_type=product&#038;p=1325"},"modified":"2023-08-28T19:20:35","modified_gmt":"2023-08-28T19:20:35","slug":"cabo-velo-kombi-1600-211-957-8","status":"publish","type":"product","link":"https:\/\/autopecasanhanguera.com.br\/index.php\/product\/cabo-velo-kombi-1600-211-957-8\/","title":{"rendered":"CABO VELO KOMBI 1600 211.957.8"},"content":{"rendered":"<p>DESCRI\u00c7\u00c3O= CABO VELO KOMBI 1600 211.957.8 C\u00d3DIGO DO FABRICANTE= EF734*43*2UN* 1413 MARCA = EFRARI FANIA<\/p>\n","protected":false},"excerpt":{"rendered":"<p>DESCRI\u00c7\u00c3O= CABO VELO KOMBI 1600 211.957.8 C\u00d3DIGO DO FABRICANTE= EF734*43*2UN* 1413 MARCA = EFRARI FANIA<\/p>\n","protected":false},"featured_media":20308,"template":"","meta":{"om_disable_all_campaigns":false,"_monsterinsights_skip_tracking":false,"_monsterinsights_sitenote_active":false,"_monsterinsights_sitenote_note":"","_monsterinsights_sitenote_category":0},"product_cat":[87],"product_tag":[4733,4732,4708],"aioseo_notices":[],"_links":{"self":[{"href":"https:\/\/autopecasanhanguera.com.br\/index.php\/wp-json\/wp\/v2\/product\/1325"}],"collection":[{"href":"https:\/\/autopecasanhanguera.com.br\/index.php\/wp-json\/wp\/v2\/product"}],"about":[{"href":"https:\/\/autopecasanhanguera.com.br\/index.php\/wp-json\/wp\/v2\/types\/product"}],"wp:featuredmedia":[{"embeddable":true,"href":"https:\/\/autopecasanhanguera.com.br\/index.php\/wp-json\/wp\/v2\/media\/20308"}],"wp:attachment":[{"href":"https:\/\/autopecasanhanguera.com.br\/index.php\/wp-json\/wp\/v2\/media?parent=1325"}],"wp:term":[{"taxonomy":"product_cat","embeddable":true,"href":"https:\/\/autopecasanhanguera.com.br\/index.php\/wp-json\/wp\/v2\/product_cat?post=1325"},{"taxonomy":"product_tag","embeddable":true,"href":"https:\/\/autopecasanhanguera.com.br\/index.php\/wp-json\/wp\/v2\/product_tag?post=1325"}],"curies":[{"name":"wp","href":"https:\/\/api.w.org\/{rel}","templated":true}]}}