{"id":13357,"date":"2022-11-23T21:23:05","date_gmt":"2022-11-23T21:23:05","guid":{"rendered":"https:\/\/autopecasanhanguera.com.br\/?post_type=product&#038;p=13357"},"modified":"2022-11-23T21:23:05","modified_gmt":"2022-11-23T21:23:05","slug":"lant-placa-universal-triangul","status":"publish","type":"product","link":"https:\/\/autopecasanhanguera.com.br\/index.php\/product\/lant-placa-universal-triangul\/","title":{"rendered":"LANT PLACA UNIVERSAL -TRIANGUL"},"content":{"rendered":"<p>DESCRI\u00c7\u00c3O= LANT PLACA UNIVERSAL -TRIANGUL C\u00d3DIGO DO FABRICANTE= SS1020 *43* MARCA = FURACAO<\/p>\n","protected":false},"excerpt":{"rendered":"<p>DESCRI\u00c7\u00c3O= LANT PLACA UNIVERSAL -TRIANGUL C\u00d3DIGO DO FABRICANTE= SS1020 *43* MARCA = FURACAO<\/p>\n","protected":false},"featured_media":0,"template":"","meta":{"om_disable_all_campaigns":false,"_monsterinsights_skip_tracking":false,"_monsterinsights_sitenote_active":false,"_monsterinsights_sitenote_note":"","_monsterinsights_sitenote_category":0},"product_cat":[89],"product_tag":[],"aioseo_notices":[],"_links":{"self":[{"href":"https:\/\/autopecasanhanguera.com.br\/index.php\/wp-json\/wp\/v2\/product\/13357"}],"collection":[{"href":"https:\/\/autopecasanhanguera.com.br\/index.php\/wp-json\/wp\/v2\/product"}],"about":[{"href":"https:\/\/autopecasanhanguera.com.br\/index.php\/wp-json\/wp\/v2\/types\/product"}],"wp:attachment":[{"href":"https:\/\/autopecasanhanguera.com.br\/index.php\/wp-json\/wp\/v2\/media?parent=13357"}],"wp:term":[{"taxonomy":"product_cat","embeddable":true,"href":"https:\/\/autopecasanhanguera.com.br\/index.php\/wp-json\/wp\/v2\/product_cat?post=13357"},{"taxonomy":"product_tag","embeddable":true,"href":"https:\/\/autopecasanhanguera.com.br\/index.php\/wp-json\/wp\/v2\/product_tag?post=13357"}],"curies":[{"name":"wp","href":"https:\/\/api.w.org\/{rel}","templated":true}]}}