{"id":13545,"date":"2022-11-23T21:23:18","date_gmt":"2022-11-23T21:23:18","guid":{"rendered":"https:\/\/autopecasanhanguera.com.br\/?post_type=product&#038;p=13545"},"modified":"2022-11-23T21:23:18","modified_gmt":"2022-11-23T21:23:18","slug":"junta-hom-gol-gv-ld-maior-eixo","status":"publish","type":"product","link":"https:\/\/autopecasanhanguera.com.br\/index.php\/product\/junta-hom-gol-gv-ld-maior-eixo\/","title":{"rendered":"JUNTA HOM GOL GV LD MAIOR EIXO"},"content":{"rendered":"<p>DESCRI\u00c7\u00c3O= JUNTA HOM GOL GV LD MAIOR EIXO C\u00d3DIGO DO FABRICANTE= *43*27\/08\/2020 MARCA = LC<\/p>\n","protected":false},"excerpt":{"rendered":"<p>DESCRI\u00c7\u00c3O= JUNTA HOM GOL GV LD MAIOR EIXO C\u00d3DIGO DO FABRICANTE= *43*27\/08\/2020 MARCA = LC<\/p>\n","protected":false},"featured_media":0,"template":"","meta":{"om_disable_all_campaigns":false,"_monsterinsights_skip_tracking":false,"_monsterinsights_sitenote_active":false,"_monsterinsights_sitenote_note":"","_monsterinsights_sitenote_category":0},"product_cat":[92],"product_tag":[],"aioseo_notices":[],"_links":{"self":[{"href":"https:\/\/autopecasanhanguera.com.br\/index.php\/wp-json\/wp\/v2\/product\/13545"}],"collection":[{"href":"https:\/\/autopecasanhanguera.com.br\/index.php\/wp-json\/wp\/v2\/product"}],"about":[{"href":"https:\/\/autopecasanhanguera.com.br\/index.php\/wp-json\/wp\/v2\/types\/product"}],"wp:attachment":[{"href":"https:\/\/autopecasanhanguera.com.br\/index.php\/wp-json\/wp\/v2\/media?parent=13545"}],"wp:term":[{"taxonomy":"product_cat","embeddable":true,"href":"https:\/\/autopecasanhanguera.com.br\/index.php\/wp-json\/wp\/v2\/product_cat?post=13545"},{"taxonomy":"product_tag","embeddable":true,"href":"https:\/\/autopecasanhanguera.com.br\/index.php\/wp-json\/wp\/v2\/product_tag?post=13545"}],"curies":[{"name":"wp","href":"https:\/\/api.w.org\/{rel}","templated":true}]}}