{"id":1365,"date":"2022-11-23T21:09:35","date_gmt":"2022-11-23T21:09:35","guid":{"rendered":"https:\/\/autopecasanhanguera.com.br\/?post_type=product&#038;p=1365"},"modified":"2023-08-29T19:50:42","modified_gmt":"2023-08-29T19:50:42","slug":"rolamento-coluna-direcao-kombi","status":"publish","type":"product","link":"https:\/\/autopecasanhanguera.com.br\/index.php\/product\/rolamento-coluna-direcao-kombi\/","title":{"rendered":"ROLAMENTO COLUNA DIRECAO KOMBI"},"content":{"rendered":"<p>DESCRI\u00c7\u00c3O= ROLAMENTO COLUNA DIRECAO KOMBI C\u00d3DIGO DO FABRICANTE= 21415585X*43* MARCA = VW<\/p>\n","protected":false},"excerpt":{"rendered":"<p>DESCRI\u00c7\u00c3O= ROLAMENTO COLUNA DIRECAO KOMBI C\u00d3DIGO DO FABRICANTE= 21415585X*43* MARCA = VW<\/p>\n","protected":false},"featured_media":20317,"template":"","meta":{"om_disable_all_campaigns":false,"_monsterinsights_skip_tracking":false,"_monsterinsights_sitenote_active":false,"_monsterinsights_sitenote_note":"","_monsterinsights_sitenote_category":0},"product_cat":[130],"product_tag":[4746,4708,51,4745,4744],"aioseo_notices":[],"_links":{"self":[{"href":"https:\/\/autopecasanhanguera.com.br\/index.php\/wp-json\/wp\/v2\/product\/1365"}],"collection":[{"href":"https:\/\/autopecasanhanguera.com.br\/index.php\/wp-json\/wp\/v2\/product"}],"about":[{"href":"https:\/\/autopecasanhanguera.com.br\/index.php\/wp-json\/wp\/v2\/types\/product"}],"wp:featuredmedia":[{"embeddable":true,"href":"https:\/\/autopecasanhanguera.com.br\/index.php\/wp-json\/wp\/v2\/media\/20317"}],"wp:attachment":[{"href":"https:\/\/autopecasanhanguera.com.br\/index.php\/wp-json\/wp\/v2\/media?parent=1365"}],"wp:term":[{"taxonomy":"product_cat","embeddable":true,"href":"https:\/\/autopecasanhanguera.com.br\/index.php\/wp-json\/wp\/v2\/product_cat?post=1365"},{"taxonomy":"product_tag","embeddable":true,"href":"https:\/\/autopecasanhanguera.com.br\/index.php\/wp-json\/wp\/v2\/product_tag?post=1365"}],"curies":[{"name":"wp","href":"https:\/\/api.w.org\/{rel}","templated":true}]}}