{"id":13654,"date":"2022-11-23T21:23:28","date_gmt":"2022-11-23T21:23:28","guid":{"rendered":"https:\/\/autopecasanhanguera.com.br\/?post_type=product&#038;p=13654"},"modified":"2022-11-23T21:23:28","modified_gmt":"2022-11-23T21:23:28","slug":"sensor-rotacao-uno-3-pinos","status":"publish","type":"product","link":"https:\/\/autopecasanhanguera.com.br\/index.php\/product\/sensor-rotacao-uno-3-pinos\/","title":{"rendered":"SENSOR ROTACAO UNO 3-PINOS"},"content":{"rendered":"<p>DESCRI\u00c7\u00c3O= SENSOR ROTACAO UNO 3-PINOS C\u00d3DIGO DO FABRICANTE= ESR4206 MTE7033 MARCA = EKLASS<\/p>\n","protected":false},"excerpt":{"rendered":"<p>DESCRI\u00c7\u00c3O= SENSOR ROTACAO UNO 3-PINOS C\u00d3DIGO DO FABRICANTE= ESR4206 MTE7033 MARCA = EKLASS<\/p>\n","protected":false},"featured_media":0,"template":"","meta":{"om_disable_all_campaigns":false,"_monsterinsights_skip_tracking":false,"_monsterinsights_sitenote_active":false,"_monsterinsights_sitenote_note":"","_monsterinsights_sitenote_category":0},"product_cat":[325],"product_tag":[],"aioseo_notices":[],"_links":{"self":[{"href":"https:\/\/autopecasanhanguera.com.br\/index.php\/wp-json\/wp\/v2\/product\/13654"}],"collection":[{"href":"https:\/\/autopecasanhanguera.com.br\/index.php\/wp-json\/wp\/v2\/product"}],"about":[{"href":"https:\/\/autopecasanhanguera.com.br\/index.php\/wp-json\/wp\/v2\/types\/product"}],"wp:attachment":[{"href":"https:\/\/autopecasanhanguera.com.br\/index.php\/wp-json\/wp\/v2\/media?parent=13654"}],"wp:term":[{"taxonomy":"product_cat","embeddable":true,"href":"https:\/\/autopecasanhanguera.com.br\/index.php\/wp-json\/wp\/v2\/product_cat?post=13654"},{"taxonomy":"product_tag","embeddable":true,"href":"https:\/\/autopecasanhanguera.com.br\/index.php\/wp-json\/wp\/v2\/product_tag?post=13654"}],"curies":[{"name":"wp","href":"https:\/\/api.w.org\/{rel}","templated":true}]}}