{"id":13683,"date":"2022-11-23T21:23:29","date_gmt":"2022-11-23T21:23:29","guid":{"rendered":"https:\/\/autopecasanhanguera.com.br\/?post_type=product&#038;p=13683"},"modified":"2022-11-23T21:23:29","modified_gmt":"2022-11-23T21:23:29","slug":"tampa-oleo-mt-fire-uno-palio-o","status":"publish","type":"product","link":"https:\/\/autopecasanhanguera.com.br\/index.php\/product\/tampa-oleo-mt-fire-uno-palio-o\/","title":{"rendered":"TAMPA OLEO MT FIRE UNO PALIO O"},"content":{"rendered":"<p>DESCRI\u00c7\u00c3O= TAMPA OLEO MT FIRE UNO PALIO O C\u00d3DIGO DO FABRICANTE= TC4048 050005300 MARCA = TANCLIC NEW<\/p>\n","protected":false},"excerpt":{"rendered":"<p>DESCRI\u00c7\u00c3O= TAMPA OLEO MT FIRE UNO PALIO O C\u00d3DIGO DO FABRICANTE= TC4048 050005300 MARCA = TANCLIC NEW<\/p>\n","protected":false},"featured_media":0,"template":"","meta":{"om_disable_all_campaigns":false,"_monsterinsights_skip_tracking":false,"_monsterinsights_sitenote_active":false,"_monsterinsights_sitenote_note":"","_monsterinsights_sitenote_category":0},"product_cat":[89],"product_tag":[],"aioseo_notices":[],"_links":{"self":[{"href":"https:\/\/autopecasanhanguera.com.br\/index.php\/wp-json\/wp\/v2\/product\/13683"}],"collection":[{"href":"https:\/\/autopecasanhanguera.com.br\/index.php\/wp-json\/wp\/v2\/product"}],"about":[{"href":"https:\/\/autopecasanhanguera.com.br\/index.php\/wp-json\/wp\/v2\/types\/product"}],"wp:attachment":[{"href":"https:\/\/autopecasanhanguera.com.br\/index.php\/wp-json\/wp\/v2\/media?parent=13683"}],"wp:term":[{"taxonomy":"product_cat","embeddable":true,"href":"https:\/\/autopecasanhanguera.com.br\/index.php\/wp-json\/wp\/v2\/product_cat?post=13683"},{"taxonomy":"product_tag","embeddable":true,"href":"https:\/\/autopecasanhanguera.com.br\/index.php\/wp-json\/wp\/v2\/product_tag?post=13683"}],"curies":[{"name":"wp","href":"https:\/\/api.w.org\/{rel}","templated":true}]}}