{"id":13792,"date":"2022-11-23T21:23:41","date_gmt":"2022-11-23T21:23:41","guid":{"rendered":"https:\/\/autopecasanhanguera.com.br\/?post_type=product&#038;p=13792"},"modified":"2022-11-23T21:23:41","modified_gmt":"2022-11-23T21:23:41","slug":"emblema-tampa-tras-triton","status":"publish","type":"product","link":"https:\/\/autopecasanhanguera.com.br\/index.php\/product\/emblema-tampa-tras-triton\/","title":{"rendered":"EMBLEMA TAMPA TRAS TRITON"},"content":{"rendered":"<p>DESCRI\u00c7\u00c3O= EMBLEMA TAMPA TRAS TRITON C\u00d3DIGO DO FABRICANTE= 930267 MARCA = CHG<\/p>\n","protected":false},"excerpt":{"rendered":"<p>DESCRI\u00c7\u00c3O= EMBLEMA TAMPA TRAS TRITON C\u00d3DIGO DO FABRICANTE= 930267 MARCA = CHG<\/p>\n","protected":false},"featured_media":0,"template":"","meta":{"om_disable_all_campaigns":false,"_monsterinsights_skip_tracking":false,"_monsterinsights_sitenote_active":false,"_monsterinsights_sitenote_note":"","_monsterinsights_sitenote_category":0},"product_cat":[89],"product_tag":[],"aioseo_notices":[],"_links":{"self":[{"href":"https:\/\/autopecasanhanguera.com.br\/index.php\/wp-json\/wp\/v2\/product\/13792"}],"collection":[{"href":"https:\/\/autopecasanhanguera.com.br\/index.php\/wp-json\/wp\/v2\/product"}],"about":[{"href":"https:\/\/autopecasanhanguera.com.br\/index.php\/wp-json\/wp\/v2\/types\/product"}],"wp:attachment":[{"href":"https:\/\/autopecasanhanguera.com.br\/index.php\/wp-json\/wp\/v2\/media?parent=13792"}],"wp:term":[{"taxonomy":"product_cat","embeddable":true,"href":"https:\/\/autopecasanhanguera.com.br\/index.php\/wp-json\/wp\/v2\/product_cat?post=13792"},{"taxonomy":"product_tag","embeddable":true,"href":"https:\/\/autopecasanhanguera.com.br\/index.php\/wp-json\/wp\/v2\/product_tag?post=13792"}],"curies":[{"name":"wp","href":"https:\/\/api.w.org\/{rel}","templated":true}]}}