{"id":1388,"date":"2022-11-23T21:09:39","date_gmt":"2022-11-23T21:09:39","guid":{"rendered":"https:\/\/autopecasanhanguera.com.br\/?post_type=product&#038;p=1388"},"modified":"2022-11-23T21:09:39","modified_gmt":"2022-11-23T21:09:39","slug":"soquete-farol-h4","status":"publish","type":"product","link":"https:\/\/autopecasanhanguera.com.br\/index.php\/product\/soquete-farol-h4\/","title":{"rendered":"SOQUETE FAROL H4"},"content":{"rendered":"<p>DESCRI\u00c7\u00c3O= SOQUETE FAROL H4 C\u00d3DIGO DO FABRICANTE= ETE-7090B MARCA = RAINHA DAS SETE<\/p>\n","protected":false},"excerpt":{"rendered":"<p>DESCRI\u00c7\u00c3O= SOQUETE FAROL H4 C\u00d3DIGO DO FABRICANTE= ETE-7090B MARCA = RAINHA DAS SETE<\/p>\n","protected":false},"featured_media":0,"template":"","meta":{"om_disable_all_campaigns":false,"_monsterinsights_skip_tracking":false,"_monsterinsights_sitenote_active":false,"_monsterinsights_sitenote_note":"","_monsterinsights_sitenote_category":0},"product_cat":[127],"product_tag":[],"aioseo_notices":[],"_links":{"self":[{"href":"https:\/\/autopecasanhanguera.com.br\/index.php\/wp-json\/wp\/v2\/product\/1388"}],"collection":[{"href":"https:\/\/autopecasanhanguera.com.br\/index.php\/wp-json\/wp\/v2\/product"}],"about":[{"href":"https:\/\/autopecasanhanguera.com.br\/index.php\/wp-json\/wp\/v2\/types\/product"}],"wp:attachment":[{"href":"https:\/\/autopecasanhanguera.com.br\/index.php\/wp-json\/wp\/v2\/media?parent=1388"}],"wp:term":[{"taxonomy":"product_cat","embeddable":true,"href":"https:\/\/autopecasanhanguera.com.br\/index.php\/wp-json\/wp\/v2\/product_cat?post=1388"},{"taxonomy":"product_tag","embeddable":true,"href":"https:\/\/autopecasanhanguera.com.br\/index.php\/wp-json\/wp\/v2\/product_tag?post=1388"}],"curies":[{"name":"wp","href":"https:\/\/api.w.org\/{rel}","templated":true}]}}