{"id":13937,"date":"2022-11-23T21:23:52","date_gmt":"2022-11-23T21:23:52","guid":{"rendered":"https:\/\/autopecasanhanguera.com.br\/?post_type=product&#038;p=13937"},"modified":"2022-11-23T21:23:52","modified_gmt":"2022-11-23T21:23:52","slug":"bico-injetor-fiesta-zetec-roca","status":"publish","type":"product","link":"https:\/\/autopecasanhanguera.com.br\/index.php\/product\/bico-injetor-fiesta-zetec-roca\/","title":{"rendered":"BICO INJETOR FIESTA ZETEC ROCA"},"content":{"rendered":"<p>DESCRI\u00c7\u00c3O= BICO INJETOR FIESTA ZETEC ROCA C\u00d3DIGO DO FABRICANTE= MP-127*43* 2357 MARCA = INOVA<\/p>\n","protected":false},"excerpt":{"rendered":"<p>DESCRI\u00c7\u00c3O= BICO INJETOR FIESTA ZETEC ROCA C\u00d3DIGO DO FABRICANTE= MP-127*43* 2357 MARCA = INOVA<\/p>\n","protected":false},"featured_media":0,"template":"","meta":{"om_disable_all_campaigns":false,"_monsterinsights_skip_tracking":false,"_monsterinsights_sitenote_active":false,"_monsterinsights_sitenote_note":"","_monsterinsights_sitenote_category":0},"product_cat":[325],"product_tag":[],"aioseo_notices":[],"_links":{"self":[{"href":"https:\/\/autopecasanhanguera.com.br\/index.php\/wp-json\/wp\/v2\/product\/13937"}],"collection":[{"href":"https:\/\/autopecasanhanguera.com.br\/index.php\/wp-json\/wp\/v2\/product"}],"about":[{"href":"https:\/\/autopecasanhanguera.com.br\/index.php\/wp-json\/wp\/v2\/types\/product"}],"wp:attachment":[{"href":"https:\/\/autopecasanhanguera.com.br\/index.php\/wp-json\/wp\/v2\/media?parent=13937"}],"wp:term":[{"taxonomy":"product_cat","embeddable":true,"href":"https:\/\/autopecasanhanguera.com.br\/index.php\/wp-json\/wp\/v2\/product_cat?post=13937"},{"taxonomy":"product_tag","embeddable":true,"href":"https:\/\/autopecasanhanguera.com.br\/index.php\/wp-json\/wp\/v2\/product_tag?post=13937"}],"curies":[{"name":"wp","href":"https:\/\/api.w.org\/{rel}","templated":true}]}}