{"id":13959,"date":"2022-11-23T21:23:56","date_gmt":"2022-11-23T21:23:56","guid":{"rendered":"https:\/\/autopecasanhanguera.com.br\/?post_type=product&#038;p=13959"},"modified":"2022-11-23T21:23:56","modified_gmt":"2022-11-23T21:23:56","slug":"conector-bomba-comb-eletrico-r","status":"publish","type":"product","link":"https:\/\/autopecasanhanguera.com.br\/index.php\/product\/conector-bomba-comb-eletrico-r\/","title":{"rendered":"CONECTOR BOMBA COMB ELETRICO R"},"content":{"rendered":"<p>DESCRI\u00c7\u00c3O= CONECTOR BOMBA COMB ELETRICO R C\u00d3DIGO DO FABRICANTE= QCG070\/076 MARCA = FURACAO<\/p>\n","protected":false},"excerpt":{"rendered":"<p>DESCRI\u00c7\u00c3O= CONECTOR BOMBA COMB ELETRICO R C\u00d3DIGO DO FABRICANTE= QCG070\/076 MARCA = FURACAO<\/p>\n","protected":false},"featured_media":0,"template":"","meta":{"om_disable_all_campaigns":false,"_monsterinsights_skip_tracking":false,"_monsterinsights_sitenote_active":false,"_monsterinsights_sitenote_note":"","_monsterinsights_sitenote_category":0},"product_cat":[127],"product_tag":[],"aioseo_notices":[],"_links":{"self":[{"href":"https:\/\/autopecasanhanguera.com.br\/index.php\/wp-json\/wp\/v2\/product\/13959"}],"collection":[{"href":"https:\/\/autopecasanhanguera.com.br\/index.php\/wp-json\/wp\/v2\/product"}],"about":[{"href":"https:\/\/autopecasanhanguera.com.br\/index.php\/wp-json\/wp\/v2\/types\/product"}],"wp:attachment":[{"href":"https:\/\/autopecasanhanguera.com.br\/index.php\/wp-json\/wp\/v2\/media?parent=13959"}],"wp:term":[{"taxonomy":"product_cat","embeddable":true,"href":"https:\/\/autopecasanhanguera.com.br\/index.php\/wp-json\/wp\/v2\/product_cat?post=13959"},{"taxonomy":"product_tag","embeddable":true,"href":"https:\/\/autopecasanhanguera.com.br\/index.php\/wp-json\/wp\/v2\/product_tag?post=13959"}],"curies":[{"name":"wp","href":"https:\/\/api.w.org\/{rel}","templated":true}]}}