{"id":14033,"date":"2022-11-23T21:23:59","date_gmt":"2022-11-23T21:23:59","guid":{"rendered":"https:\/\/autopecasanhanguera.com.br\/?post_type=product&#038;p=14033"},"modified":"2022-11-23T21:23:59","modified_gmt":"2022-11-23T21:23:59","slug":"maquina-vidro-celta-diant-2pts","status":"publish","type":"product","link":"https:\/\/autopecasanhanguera.com.br\/index.php\/product\/maquina-vidro-celta-diant-2pts\/","title":{"rendered":"MAQUINA VIDRO CELTA DIANT 2PTS"},"content":{"rendered":"<p>DESCRI\u00c7\u00c3O= MAQUINA VIDRO CELTA DIANT 2PTS C\u00d3DIGO DO FABRICANTE= R3325D*43* MARCA = SEM MARCA<\/p>\n","protected":false},"excerpt":{"rendered":"<p>DESCRI\u00c7\u00c3O= MAQUINA VIDRO CELTA DIANT 2PTS C\u00d3DIGO DO FABRICANTE= R3325D*43* MARCA = SEM MARCA<\/p>\n","protected":false},"featured_media":0,"template":"","meta":{"om_disable_all_campaigns":false,"_monsterinsights_skip_tracking":false,"_monsterinsights_sitenote_active":false,"_monsterinsights_sitenote_note":"","_monsterinsights_sitenote_category":0},"product_cat":[89],"product_tag":[],"aioseo_notices":[],"_links":{"self":[{"href":"https:\/\/autopecasanhanguera.com.br\/index.php\/wp-json\/wp\/v2\/product\/14033"}],"collection":[{"href":"https:\/\/autopecasanhanguera.com.br\/index.php\/wp-json\/wp\/v2\/product"}],"about":[{"href":"https:\/\/autopecasanhanguera.com.br\/index.php\/wp-json\/wp\/v2\/types\/product"}],"wp:attachment":[{"href":"https:\/\/autopecasanhanguera.com.br\/index.php\/wp-json\/wp\/v2\/media?parent=14033"}],"wp:term":[{"taxonomy":"product_cat","embeddable":true,"href":"https:\/\/autopecasanhanguera.com.br\/index.php\/wp-json\/wp\/v2\/product_cat?post=14033"},{"taxonomy":"product_tag","embeddable":true,"href":"https:\/\/autopecasanhanguera.com.br\/index.php\/wp-json\/wp\/v2\/product_tag?post=14033"}],"curies":[{"name":"wp","href":"https:\/\/api.w.org\/{rel}","templated":true}]}}