{"id":14060,"date":"2022-11-23T21:24:00","date_gmt":"2022-11-23T21:24:00","guid":{"rendered":"https:\/\/autopecasanhanguera.com.br\/?post_type=product&#038;p=14060"},"modified":"2022-11-23T21:24:00","modified_gmt":"2022-11-23T21:24:00","slug":"disco-freio-fiesta-1-316v-ecos","status":"publish","type":"product","link":"https:\/\/autopecasanhanguera.com.br\/index.php\/product\/disco-freio-fiesta-1-316v-ecos\/","title":{"rendered":"DISCO FREIO FIESTA 1.316V ECOS"},"content":{"rendered":"<p>DESCRI\u00c7\u00c3O= DISCO FREIO FIESTA 1.316V ECOS C\u00d3DIGO DO FABRICANTE= HF18B RCDI02850 MARCA = VARGAS<\/p>\n","protected":false},"excerpt":{"rendered":"<p>DESCRI\u00c7\u00c3O= DISCO FREIO FIESTA 1.316V ECOS C\u00d3DIGO DO FABRICANTE= HF18B RCDI02850 MARCA = VARGAS<\/p>\n","protected":false},"featured_media":0,"template":"","meta":{"om_disable_all_campaigns":false,"_monsterinsights_skip_tracking":false,"_monsterinsights_sitenote_active":false,"_monsterinsights_sitenote_note":"","_monsterinsights_sitenote_category":0},"product_cat":[99],"product_tag":[],"aioseo_notices":[],"_links":{"self":[{"href":"https:\/\/autopecasanhanguera.com.br\/index.php\/wp-json\/wp\/v2\/product\/14060"}],"collection":[{"href":"https:\/\/autopecasanhanguera.com.br\/index.php\/wp-json\/wp\/v2\/product"}],"about":[{"href":"https:\/\/autopecasanhanguera.com.br\/index.php\/wp-json\/wp\/v2\/types\/product"}],"wp:attachment":[{"href":"https:\/\/autopecasanhanguera.com.br\/index.php\/wp-json\/wp\/v2\/media?parent=14060"}],"wp:term":[{"taxonomy":"product_cat","embeddable":true,"href":"https:\/\/autopecasanhanguera.com.br\/index.php\/wp-json\/wp\/v2\/product_cat?post=14060"},{"taxonomy":"product_tag","embeddable":true,"href":"https:\/\/autopecasanhanguera.com.br\/index.php\/wp-json\/wp\/v2\/product_tag?post=14060"}],"curies":[{"name":"wp","href":"https:\/\/api.w.org\/{rel}","templated":true}]}}