{"id":14125,"date":"2022-11-23T21:24:05","date_gmt":"2022-11-23T21:24:05","guid":{"rendered":"https:\/\/autopecasanhanguera.com.br\/?post_type=product&#038;p=14125"},"modified":"2022-11-23T21:24:05","modified_gmt":"2022-11-23T21:24:05","slug":"calota-roda-s-10-pequeno","status":"publish","type":"product","link":"https:\/\/autopecasanhanguera.com.br\/index.php\/product\/calota-roda-s-10-pequeno\/","title":{"rendered":"CALOTA RODA S-10 PEQUENO"},"content":{"rendered":"<p>DESCRI\u00c7\u00c3O= CALOTA RODA S-10 PEQUENO C\u00d3DIGO DO FABRICANTE= 27250380007*43*2UN* MARCA = INJ<\/p>\n","protected":false},"excerpt":{"rendered":"<p>DESCRI\u00c7\u00c3O= CALOTA RODA S-10 PEQUENO C\u00d3DIGO DO FABRICANTE= 27250380007*43*2UN* MARCA = INJ<\/p>\n","protected":false},"featured_media":0,"template":"","meta":{"om_disable_all_campaigns":false,"_monsterinsights_skip_tracking":false,"_monsterinsights_sitenote_active":false,"_monsterinsights_sitenote_note":"","_monsterinsights_sitenote_category":0},"product_cat":[89],"product_tag":[],"aioseo_notices":[],"_links":{"self":[{"href":"https:\/\/autopecasanhanguera.com.br\/index.php\/wp-json\/wp\/v2\/product\/14125"}],"collection":[{"href":"https:\/\/autopecasanhanguera.com.br\/index.php\/wp-json\/wp\/v2\/product"}],"about":[{"href":"https:\/\/autopecasanhanguera.com.br\/index.php\/wp-json\/wp\/v2\/types\/product"}],"wp:attachment":[{"href":"https:\/\/autopecasanhanguera.com.br\/index.php\/wp-json\/wp\/v2\/media?parent=14125"}],"wp:term":[{"taxonomy":"product_cat","embeddable":true,"href":"https:\/\/autopecasanhanguera.com.br\/index.php\/wp-json\/wp\/v2\/product_cat?post=14125"},{"taxonomy":"product_tag","embeddable":true,"href":"https:\/\/autopecasanhanguera.com.br\/index.php\/wp-json\/wp\/v2\/product_tag?post=14125"}],"curies":[{"name":"wp","href":"https:\/\/api.w.org\/{rel}","templated":true}]}}