{"id":14129,"date":"2022-11-23T21:24:06","date_gmt":"2022-11-23T21:24:06","guid":{"rendered":"https:\/\/autopecasanhanguera.com.br\/?post_type=product&#038;p=14129"},"modified":"2022-11-23T21:24:06","modified_gmt":"2022-11-23T21:24:06","slug":"capa-retrovisor-fox-lesq-croma","status":"publish","type":"product","link":"https:\/\/autopecasanhanguera.com.br\/index.php\/product\/capa-retrovisor-fox-lesq-croma\/","title":{"rendered":"CAPA RETROVISOR FOX LESQ CROMA"},"content":{"rendered":"<p>DESCRI\u00c7\u00c3O= CAPA RETROVISOR FOX LESQ CROMA C\u00d3DIGO DO FABRICANTE= 10859 MARCA = FREELATAS<\/p>\n","protected":false},"excerpt":{"rendered":"<p>DESCRI\u00c7\u00c3O= CAPA RETROVISOR FOX LESQ CROMA C\u00d3DIGO DO FABRICANTE= 10859 MARCA = FREELATAS<\/p>\n","protected":false},"featured_media":0,"template":"","meta":{"om_disable_all_campaigns":false,"_monsterinsights_skip_tracking":false,"_monsterinsights_sitenote_active":false,"_monsterinsights_sitenote_note":"","_monsterinsights_sitenote_category":0},"product_cat":[89],"product_tag":[],"aioseo_notices":[],"_links":{"self":[{"href":"https:\/\/autopecasanhanguera.com.br\/index.php\/wp-json\/wp\/v2\/product\/14129"}],"collection":[{"href":"https:\/\/autopecasanhanguera.com.br\/index.php\/wp-json\/wp\/v2\/product"}],"about":[{"href":"https:\/\/autopecasanhanguera.com.br\/index.php\/wp-json\/wp\/v2\/types\/product"}],"wp:attachment":[{"href":"https:\/\/autopecasanhanguera.com.br\/index.php\/wp-json\/wp\/v2\/media?parent=14129"}],"wp:term":[{"taxonomy":"product_cat","embeddable":true,"href":"https:\/\/autopecasanhanguera.com.br\/index.php\/wp-json\/wp\/v2\/product_cat?post=14129"},{"taxonomy":"product_tag","embeddable":true,"href":"https:\/\/autopecasanhanguera.com.br\/index.php\/wp-json\/wp\/v2\/product_tag?post=14129"}],"curies":[{"name":"wp","href":"https:\/\/api.w.org\/{rel}","templated":true}]}}